{"id":31734,"date":"2025-01-07T08:33:11","date_gmt":"2025-01-07T07:33:11","guid":{"rendered":"https:\/\/dev.groupe-charmettes.ch\/nachrichten\/"},"modified":"2025-08-04T11:22:08","modified_gmt":"2025-08-04T09:22:08","slug":"nachrichten","status":"publish","type":"page","link":"https:\/\/www.celsa-charmettes.ch\/de\/nachrichten\/","title":{"rendered":"Nachrichten"},"content":{"rendered":"<p>[et_pb_section fb_built=&#8220;1&#8243; module_class=&#8220;hero-degrade-lg&#8220; _builder_version=&#8220;4.27.4&#8243; _module_preset=&#8220;default&#8220; background_enable_color=&#8220;off&#8220; background_image=&#8220;https:\/\/www.celsa-charmettes.ch\/wp-content\/uploads\/2025\/01\/News-scaled.webp&#8220; background_enable_video_mp4=&#8220;off&#8220; min_height=&#8220;68vh&#8220; min_height_tablet=&#8220;100vh&#8220; min_height_phone=&#8220;40vh&#8220; min_height_last_edited=&#8220;on|tablet&#8220; custom_margin=&#8220;0px||0px||false|false&#8220; custom_padding=&#8220;0px||0px||false|false&#8220; filter_brightness=&#8220;96%&#8220; global_colors_info=&#8220;{}&#8220;][\/et_pb_section][et_pb_section fb_built=&#8220;1&#8243; custom_padding_last_edited=&#8220;on|phone&#8220; _builder_version=&#8220;4.27.4&#8243; _module_preset=&#8220;default&#8220; background_color=&#8220;#1C4540&#8243; custom_margin=&#8220;0px||0px||false|false&#8220; custom_padding=&#8220;20px||20px||false|false&#8220; custom_padding_tablet=&#8220;&#8220; custom_padding_phone=&#8220;0px||12px||false|false&#8220; global_colors_info=&#8220;{}&#8220;][et_pb_row custom_padding_last_edited=&#8220;on|phone&#8220; _builder_version=&#8220;4.27.4&#8243; _module_preset=&#8220;default&#8220; custom_padding_tablet=&#8220;&#8220; custom_padding_phone=&#8220;15px||5px||false|false&#8220; global_colors_info=&#8220;{}&#8220;][et_pb_column type=&#8220;4_4&#8243; _builder_version=&#8220;4.27.4&#8243; _module_preset=&#8220;default&#8220; global_colors_info=&#8220;{}&#8220;][et_pb_text content_tablet=&#8220;<\/p>\n<h1><strong>Celsa-Charmettes SA<\/strong><\/h1>\n<p><span>Ihr Partner f\u00fcr Heiz\u00f6l und Kraftstoffe seit \u00fcber 100 Jahren im Kanton Freiburg.<\/span><\/p>\n<p>&#8220; content_phone=&#8220;<\/p>\n<h1><strong>Celsa-Charmettes SA<\/strong><\/h1>\n<p><span>Ihr Partner f\u00fcr Heiz\u00f6l und Kraftstoffe seit \u00fcber 100 Jahren im Kanton Freiburg.<\/span><\/p>\n<p>&#8220; content_last_edited=&#8220;off|desktop&#8220; _builder_version=&#8220;4.27.4&#8243; _module_preset=&#8220;default&#8220; text_text_color=&#8220;#F3F4EE&#8220; text_font_size=&#8220;26px&#8220; text_line_height=&#8220;1.1em&#8220; header_text_color=&#8220;#F3F4EE&#8220; header_font_size=&#8220;65px&#8220; text_font_size_tablet=&#8220;&#8220; text_font_size_phone=&#8220;18px&#8220; text_font_size_last_edited=&#8220;on|phone&#8220; header_font_size_tablet=&#8220;45px&#8220; header_font_size_phone=&#8220;27px&#8220; header_font_size_last_edited=&#8220;on|phone&#8220; custom_css_free_form=&#8220;.et_pb_text h1 {||    margin-bottom: 10px;||}&#8220; global_colors_info=&#8220;{}&#8220;]<\/p>\n<h1><strong>Nachrichten<\/strong><\/h1>\n<p>Bleiben Sie auf dem Laufenden \u00fcber unsere Dienstleistungen, Neuheiten und Branchennews.<\/p>\n<p>[\/et_pb_text][\/et_pb_column][\/et_pb_row][\/et_pb_section][et_pb_section fb_built=&#8220;1&#8243; custom_padding_last_edited=&#8220;on|phone&#8220; admin_label=&#8220;Section&#8220; _builder_version=&#8220;4.27.4&#8243; _module_preset=&#8220;default&#8220; background_color=&#8220;#F3F4EE&#8220; custom_padding=&#8220;50px||100px||false|false&#8220; custom_padding_tablet=&#8220;0px||0px||false|false&#8220; custom_padding_phone=&#8220;0px||0px||false|false&#8220; global_colors_info=&#8220;{}&#8220;][et_pb_row custom_padding_last_edited=&#8220;on|desktop&#8220; _builder_version=&#8220;4.27.4&#8243; _module_preset=&#8220;default&#8220; custom_padding=&#8220;0px||||false|false&#8220; custom_padding_tablet=&#8220;0px||||false|false&#8220; custom_padding_phone=&#8220;5%||||false|false&#8220; animation_style=&#8220;slide&#8220; animation_direction=&#8220;bottom&#8220; animation_duration=&#8220;650ms&#8220; animation_delay=&#8220;300ms&#8220; animation_intensity_slide=&#8220;10%&#8220; global_colors_info=&#8220;{}&#8220;][et_pb_column type=&#8220;4_4&#8243; _builder_version=&#8220;4.27.4&#8243; _module_preset=&#8220;default&#8220; global_colors_info=&#8220;{}&#8220;][et_pb_blog fullwidth=&#8220;off&#8220; posts_number=&#8220;3&#8243; include_categories=&#8220;14,17&#8243; meta_date=&#8220;j M Y&#8220; show_more=&#8220;on&#8220; module_class=&#8220;custom-blog&#8220; _builder_version=&#8220;4.27.4&#8243; _module_preset=&#8220;default&#8220; header_font_size=&#8220;27px&#8220; body_text_align=&#8220;left&#8220; read_more_font=&#8220;|600|||||||&#8220; read_more_text_color=&#8220;#47787A&#8220; read_more_font_size=&#8220;18px&#8220; read_more_line_height=&#8220;2.2em&#8220; custom_margin=&#8220;||||false|false&#8220; custom_padding=&#8220;|0.1%||0.1%|false|false&#8220; header_font_size_tablet=&#8220;&#8220; header_font_size_phone=&#8220;21px&#8220; header_font_size_last_edited=&#8220;on|phone&#8220; body_font_size_tablet=&#8220;&#8220; body_font_size_phone=&#8220;18px&#8220; body_font_size_last_edited=&#8220;on|phone&#8220; meta_font_size_tablet=&#8220;&#8220; meta_font_size_phone=&#8220;13px&#8220; meta_font_size_last_edited=&#8220;on|phone&#8220; custom_css_free_form=&#8220;\/* R\u00e9serve la hauteur pour 2 lignes de titre *\/||.et_pb_blog_grid .et_pb_post .entry-title {||  min-height: 2.5em;||}||.et_pb_blog_grid .et_pb_post {||  background-color: #f3f4ee;||}||||@keyframes blogFadeSlideUp {||  from { opacity: 0; transform: translateY(14%); }||  to   { opacity: 1; transform: translateY(0); }||}||||\/* \u00c9tat initial (non visible, animation en pause) *\/||.custom-blog .et_pb_post {||  opacity: 0;||  animation: blogFadeSlideUp 650ms ease-out forwards;||  animation-play-state: paused;||}||||\/* Divi ajoute cette classe quand l\u2019\u00e9l\u00e9ment entre dans le viewport *\/||.custom-blog .et_pb_post.et_pb_animation_on {||  animation-play-state: running;||}||||\/* Cascade des d\u00e9lais *\/||.custom-blog .et_pb_post:nth-of-type(1) { animation-delay: 300ms; }||.custom-blog .et_pb_post:nth-of-type(2) { animation-delay: 500ms; }||.custom-blog .et_pb_post:nth-of-type(3) { animation-delay: 700ms; }||||\/* Accessibilit\u00e9 \u2013 r\u00e9duit les animations si demand\u00e9 *\/||@media (prefers-reduced-motion: reduce) {||  .custom-blog .et_pb_post {||    animation: none !important;||    opacity: 1 !important;||    transform: none !important;||  }||}||||||&#8220; border_radii=&#8220;on|20px|20px|20px|20px&#8220; border_width_all=&#8220;0px&#8220; border_radii_image=&#8220;on|0px|0px|0px|0px&#8220; box_shadow_style=&#8220;preset2&#8243; global_colors_info=&#8220;{}&#8220; transform_styles__hover_enabled=&#8220;off|desktop&#8220; transform_scale__hover_enabled=&#8220;off|desktop&#8220; transform_translate__hover_enabled=&#8220;off|desktop&#8220; transform_rotate__hover_enabled=&#8220;off|desktop&#8220; transform_skew__hover_enabled=&#8220;off|desktop&#8220; transform_origin__hover_enabled=&#8220;off|desktop&#8220;][\/et_pb_blog][\/et_pb_column][\/et_pb_row][\/et_pb_section]<\/p>\n","protected":false},"excerpt":{"rendered":"<p>Nachrichten Bleiben Sie auf dem Laufenden \u00fcber unsere Dienstleistungen, Neuheiten und Branchennews.<\/p>\n","protected":false},"author":3,"featured_media":0,"parent":0,"menu_order":0,"comment_status":"closed","ping_status":"closed","template":"","meta":{"_et_pb_use_builder":"on","_et_pb_old_content":"","_et_gb_content_width":"","footnotes":""},"class_list":["post-31734","page","type-page","status-publish","hentry"],"_links":{"self":[{"href":"https:\/\/www.celsa-charmettes.ch\/de\/wp-json\/wp\/v2\/pages\/31734","targetHints":{"allow":["GET"]}}],"collection":[{"href":"https:\/\/www.celsa-charmettes.ch\/de\/wp-json\/wp\/v2\/pages"}],"about":[{"href":"https:\/\/www.celsa-charmettes.ch\/de\/wp-json\/wp\/v2\/types\/page"}],"author":[{"embeddable":true,"href":"https:\/\/www.celsa-charmettes.ch\/de\/wp-json\/wp\/v2\/users\/3"}],"replies":[{"embeddable":true,"href":"https:\/\/www.celsa-charmettes.ch\/de\/wp-json\/wp\/v2\/comments?post=31734"}],"version-history":[{"count":23,"href":"https:\/\/www.celsa-charmettes.ch\/de\/wp-json\/wp\/v2\/pages\/31734\/revisions"}],"predecessor-version":[{"id":33890,"href":"https:\/\/www.celsa-charmettes.ch\/de\/wp-json\/wp\/v2\/pages\/31734\/revisions\/33890"}],"wp:attachment":[{"href":"https:\/\/www.celsa-charmettes.ch\/de\/wp-json\/wp\/v2\/media?parent=31734"}],"curies":[{"name":"wp","href":"https:\/\/api.w.org\/{rel}","templated":true}]}}