{"id":31710,"date":"2024-12-13T14:25:41","date_gmt":"2024-12-13T13:25:41","guid":{"rendered":"https:\/\/dev.groupe-charmettes.ch\/unternehmen\/"},"modified":"2025-08-22T08:47:16","modified_gmt":"2025-08-22T06:47:16","slug":"unternehmen","status":"publish","type":"page","link":"https:\/\/www.celsa-charmettes.ch\/de\/unternehmen\/","title":{"rendered":"Die Gruppe Celsa-Charmettes"},"content":{"rendered":"<p>[et_pb_section fb_built=&#8220;1&#8243; module_class=&#8220;hero-degrade-lg&#8220; _builder_version=&#8220;4.27.4&#8243; _module_preset=&#8220;default&#8220; background_enable_color=&#8220;off&#8220; background_image=&#8220;https:\/\/www.celsa-charmettes.ch\/wp-content\/uploads\/2025\/01\/Flotte-Celsa-Charmettes-scaled.webp&#8220; background_enable_video_mp4=&#8220;off&#8220; min_height=&#8220;68vh&#8220; min_height_tablet=&#8220;100vh&#8220; min_height_phone=&#8220;40vh&#8220; min_height_last_edited=&#8220;on|tablet&#8220; custom_margin=&#8220;0px||0px||false|false&#8220; custom_padding=&#8220;0px||0px||false|false&#8220; global_colors_info=&#8220;{}&#8220;][\/et_pb_section][et_pb_section fb_built=&#8220;1&#8243; custom_padding_last_edited=&#8220;on|phone&#8220; _builder_version=&#8220;4.27.4&#8243; _module_preset=&#8220;default&#8220; background_color=&#8220;#1C4540&#8243; custom_margin=&#8220;0px||0px||false|false&#8220; custom_padding=&#8220;20px||20px||false|false&#8220; custom_padding_tablet=&#8220;&#8220; custom_padding_phone=&#8220;10px||||false|false&#8220; global_colors_info=&#8220;{}&#8220;][et_pb_row custom_padding_last_edited=&#8220;on|phone&#8220; _builder_version=&#8220;4.27.4&#8243; _module_preset=&#8220;default&#8220; custom_padding_tablet=&#8220;&#8220; custom_padding_phone=&#8220;15px||5px||false|false&#8220; global_colors_info=&#8220;{}&#8220;][et_pb_column type=&#8220;4_4&#8243; _builder_version=&#8220;4.27.4&#8243; _module_preset=&#8220;default&#8220; global_colors_info=&#8220;{}&#8220;][et_pb_text content_tablet=&#8220;<\/p>\n<h1><strong>Celsa-Charmettes SA<\/strong><\/h1>\n<p><span>Ihr Partner f\u00fcr Heiz\u00f6l und Kraftstoffe seit \u00fcber 100 Jahren im Kanton Freiburg.<\/span><\/p>\n<p>&#8220; content_phone=&#8220;<\/p>\n<h1><strong>Celsa-Charmettes SA<\/strong><\/h1>\n<p><span>Ihr Partner f\u00fcr Heiz\u00f6l und Kraftstoffe seit \u00fcber 100 Jahren im Kanton Freiburg.<\/span><\/p>\n<p>&#8220; content_last_edited=&#8220;off|desktop&#8220; _builder_version=&#8220;4.27.4&#8243; _module_preset=&#8220;default&#8220; text_text_color=&#8220;#F3F4EE&#8220; text_font_size=&#8220;26px&#8220; text_line_height=&#8220;1.1em&#8220; header_text_color=&#8220;#F3F4EE&#8220; header_font_size=&#8220;65px&#8220; text_font_size_tablet=&#8220;&#8220; text_font_size_phone=&#8220;18px&#8220; text_font_size_last_edited=&#8220;on|phone&#8220; header_font_size_tablet=&#8220;45px&#8220; header_font_size_phone=&#8220;27px&#8220; header_font_size_last_edited=&#8220;on|phone&#8220; custom_css_free_form=&#8220;.et_pb_text h1 {||    margin-bottom: 10px;||}&#8220; global_colors_info=&#8220;{}&#8220;]<\/p>\n<h1><strong>Celsa-Charmettes SA<\/strong><\/h1>\n<p><span>Ihr Partner f\u00fcr Heiz\u00f6l und Kraftstoffe seit \u00fcber 100 Jahren im Kanton Freiburg.<\/span><\/p>\n<p>[\/et_pb_text][\/et_pb_column][\/et_pb_row][\/et_pb_section][et_pb_section fb_built=&#8220;1&#8243; custom_padding_last_edited=&#8220;on|desktop&#8220; _builder_version=&#8220;4.27.4&#8243; _module_preset=&#8220;default&#8220; background_color=&#8220;#F3F4EE&#8220; custom_margin=&#8220;||-52px||false|false&#8220; custom_padding=&#8220;50px||0px||false|false&#8220; custom_padding_tablet=&#8220;30px||0px||false|false&#8220; custom_padding_phone=&#8220;10px||||false|false&#8220; global_colors_info=&#8220;{}&#8220;][et_pb_row custom_padding_last_edited=&#8220;on|phone&#8220; _builder_version=&#8220;4.27.4&#8243; _module_preset=&#8220;default&#8220; custom_margin=&#8220;||||false|false&#8220; custom_padding=&#8220;0px||0px||false|false&#8220; custom_padding_tablet=&#8220;0px||0px||false|false&#8220; custom_padding_phone=&#8220;0px||||false|false&#8220; global_colors_info=&#8220;{}&#8220;][et_pb_column type=&#8220;4_4&#8243; _builder_version=&#8220;4.27.4&#8243; _module_preset=&#8220;default&#8220; global_colors_info=&#8220;{}&#8220;][et_pb_text content_tablet=&#8220;<\/p>\n<h2><span>Unser Unternehmen<\/span><\/h2>\n<p><span><\/span><\/p>\n<p><span><\/span>Das Unternehmen Celsa-Charmettes, das 2013 aus der Fusion von Celsa Produits P\u00e9troliers SA und Groupe Charmettes SA entstand, kann auf mehr als ein Jahrhundert Erfahrung zur\u00fcckblicken, denn seine Urspr\u00fcnge gehen auf das Jahr 1922 in Freiburg zur\u00fcck. Dank dieses bew\u00e4hrten Know-hows sind wir in der Lage, zuverl\u00e4ssige L\u00f6sungen f\u00fcr Heizungen, Kraftstoffe und Tankdienstleistungen anzubieten. <\/p>\n<p>Unser Unternehmen bildet zusammen mit mehreren Filialen eine Gruppe, um regional besser auf die Bed\u00fcrfnisse unserer Kunden reagieren zu k\u00f6nnen :<\/p>\n<ul>\n<li>Ruey-Termoplan in Renens VD<\/li>\n<li>Margot Mazout in B\u00f4le NE<\/li>\n<li><span>CIBUSA R\u00e9vision et nettoyage de citernes in Bulle<\/span><\/li>\n<li>Checkciternes <span>Checkciternes Service SA in Renens VD<\/span><\/li>\n<\/ul>\n<p>Dank dieser Struktur gew\u00e4hrleisten wir schnelle Lieferungen, umfassende Dienstleistungen und lokale Fachkompetenz in einem gro\u00dfen Gebiet der Westschweiz.<\/p>\n<h2>Eine gro\u00dfe Vielfalt an Kunden<\/h2>\n<p>Jeden Tag bedienen wir eine Vielzahl von Kunden :<\/p>\n<ul>\n<li>Privatpersonen und Villenbesitzer<\/li>\n<li>Immobilienverwaltungen und Industrie<\/li>\n<li>Landwirte, Transport- und Bauunternehmen<\/li>\n<\/ul>\n<h2>Ein umfassender Dienst<\/h2>\n<p>Neben der Lieferung von Brenn- und Kraftstoffen bieten wir auch spezialisierte Dienstleistungen an, darunter :<\/p>\n<ul>\n<li>Revision und Reinigung von Tanks<\/li>\n<li>Installation neuer Tanks<\/li>\n<li>Au\u00dferbetriebnahme und Anpassung<\/li>\n<\/ul>\n<p>Diese Dienstleistungen werden von unseren spezialisierten Teams in Cibusa und Checkcitern erbracht.<\/p>\n<h2>Unsere Werte<\/h2>\n<p>P\u00fcnktlichkeit, Fachwissen und Hilfsbereitschaft sind f\u00fcr uns zentrale Werte, die f\u00fcr den Aufbau eines dauerhaften Vertrauensverh\u00e4ltnisses zu unseren Kunden unerl\u00e4sslich sind.<\/p>\n<p>&#8220; content_phone=&#8220;<\/p>\n<h2><span>Unser Unternehmen<\/span><\/h2>\n<p><span><\/span><\/p>\n<p><span><\/span>Das Unternehmen Celsa-Charmettes, das 2013 aus der Fusion von Celsa Produits P\u00e9troliers SA und Groupe Charmettes SA entstand, kann auf mehr als ein Jahrhundert Erfahrung zur\u00fcckblicken, denn seine Urspr\u00fcnge gehen auf das Jahr 1922 in Freiburg zur\u00fcck. Dank dieses bew\u00e4hrten Know-hows sind wir in der Lage, zuverl\u00e4ssige L\u00f6sungen f\u00fcr Heizungen, Kraftstoffe und Tankdienstleistungen anzubieten. <\/p>\n<p>Unser Unternehmen bildet zusammen mit mehreren Filialen eine Gruppe, um regional besser auf die Bed\u00fcrfnisse unserer Kunden reagieren zu k\u00f6nnen :<\/p>\n<ul>\n<li>Ruey-Termoplan in Renens VD<\/li>\n<li>Margot Mazout in B\u00f4le NE<\/li>\n<li><span>CIBUSA R\u00e9vision et nettoyage de citernes in Bulle<\/span><\/li>\n<li>Checkciternes <span>Checkciternes Service SA in Renens VD<\/span><\/li>\n<\/ul>\n<p>Dank dieser Struktur gew\u00e4hrleisten wir schnelle Lieferungen, umfassende Dienstleistungen und lokale Fachkompetenz in einem gro\u00dfen Gebiet der Westschweiz.<\/p>\n<h2>Eine gro\u00dfe Vielfalt an Kunden<\/h2>\n<p>Jeden Tag bedienen wir eine Vielzahl von Kunden :<\/p>\n<ul>\n<li>Privatpersonen und Villenbesitzer<\/li>\n<li>Immobilienverwaltungen und Industrie<\/li>\n<li>Landwirte, Transport- und Bauunternehmen<\/li>\n<\/ul>\n<h2>Ein umfassender Dienst<\/h2>\n<p>Neben der Lieferung von Brenn- und Kraftstoffen bieten wir auch spezialisierte Dienstleistungen an, darunter :<\/p>\n<ul>\n<li>Revision und Reinigung von Tanks<\/li>\n<li>Installation neuer Tanks<\/li>\n<li>Au\u00dferbetriebnahme und Anpassung<\/li>\n<\/ul>\n<p>Diese Dienstleistungen werden von unseren spezialisierten Teams in Cibusa und Checkcitern erbracht.<\/p>\n<h2>Unsere Werte<\/h2>\n<p>P\u00fcnktlichkeit, Fachwissen und Hilfsbereitschaft sind f\u00fcr uns zentrale Werte, die f\u00fcr den Aufbau eines dauerhaften Vertrauensverh\u00e4ltnisses zu unseren Kunden unerl\u00e4sslich sind.<\/p>\n<p>&#8220; content_last_edited=&#8220;off|phone&#8220; _builder_version=&#8220;4.27.4&#8243; _module_preset=&#8220;default&#8220; text_font=&#8220;|300|||||||&#8220; text_text_color=&#8220;#1E4E49&#8243; header_text_color=&#8220;#1E4E49&#8243; header_2_font=&#8220;|600|||||||&#8220; custom_margin=&#8220;||||false|false&#8220; custom_padding=&#8220;||||false|false&#8220; header_2_font_size_tablet=&#8220;&#8220; header_2_font_size_phone=&#8220;24px&#8220; header_2_font_size_last_edited=&#8220;on|phone&#8220; custom_css_free_form=&#8220;.et_pb_text h2 {||    margin-bottom: 10px;||}||.et_pb_text h2 {||    margin-top: 23px;||}&#8220; global_colors_info=&#8220;{}&#8220;]<\/p>\n<h2>Unser Unternehmen<\/h2>\n<p>Das Unternehmen Celsa-Charmettes, das 2013 aus der Fusion von Celsa Produits P\u00e9troliers SA und Groupe Charmettes SA entstand, kann auf mehr als ein Jahrhundert Erfahrung zur\u00fcckblicken, denn seine Urspr\u00fcnge gehen auf das Jahr 1922 in Freiburg zur\u00fcck. Dank dieses bew\u00e4hrten Know-hows sind wir in der Lage, zuverl\u00e4ssige L\u00f6sungen f\u00fcr Heizungen, Kraftstoffe und Tankdienstleistungen anzubieten. <\/p>\n<p>Unser Unternehmen bildet zusammen mit mehreren Filialen eine Gruppe, um regional besser auf die Bed\u00fcrfnisse unserer Kunden reagieren zu k\u00f6nnen :<\/p>\n<ul>\n<li>Ruey-Termoplan in Renens VD<\/li>\n<li>Margot Mazout in B\u00f4le NE<\/li>\n<li>CIBUSA R\u00e9vision et nettoyage de citernes in Bulle<\/li>\n<li>Checkciternes Service SA in Renens VD<\/li>\n<\/ul>\n<p>Dank dieser Struktur gew\u00e4hrleisten wir schnelle Lieferungen, umfassende Dienstleistungen und lokale Fachkompetenz in einem gro\u00dfen Gebiet der Westschweiz.<\/p>\n<h2><\/h2>\n<h2>Eine gro\u00dfe Vielfalt an Kunden<\/h2>\n<p>Jeden Tag bedienen wir eine Vielzahl von Kunden :<\/p>\n<ul>\n<li>Privatpersonen und Villenbesitzer<\/li>\n<li>Immobilienverwaltungen und Industrie<\/li>\n<li>Landwirte, Transport- und Bauunternehmen<\/li>\n<\/ul>\n<h2><\/h2>\n<h2>Ein umfassender Dienst<\/h2>\n<p>Neben der Lieferung von Brenn- und Kraftstoffen bieten wir auch spezialisierte Dienstleistungen an, darunter :<\/p>\n<ul>\n<li>Revision und Reinigung von Tanks<\/li>\n<li>Installation neuer Tanks<\/li>\n<li>Au\u00dferbetriebnahme und Anpassung<\/li>\n<\/ul>\n<p>Diese Dienstleistungen werden von unseren spezialisierten Teams in Cibusa und Checkcitern erbracht.<\/p>\n<h2><\/h2>\n<h2>Unsere Werte<\/h2>\n<p>P\u00fcnktlichkeit, Fachwissen und Hilfsbereitschaft sind f\u00fcr uns zentrale Werte, die f\u00fcr den Aufbau eines dauerhaften Vertrauensverh\u00e4ltnisses zu unseren Kunden unerl\u00e4sslich sind.<\/p>\n<p>[\/et_pb_text][\/et_pb_column][\/et_pb_row][\/et_pb_section][et_pb_section fb_built=&#8220;1&#8243; custom_padding_last_edited=&#8220;on|tablet&#8220; _builder_version=&#8220;4.27.4&#8243; _module_preset=&#8220;default&#8220; background_color=&#8220;#F3F4EE&#8220; custom_margin=&#8220;||||false|false&#8220; custom_margin_tablet=&#8220;||||false|false&#8220; custom_margin_phone=&#8220;||0px||false|false&#8220; custom_margin_last_edited=&#8220;on|tablet&#8220; custom_padding=&#8220;7%||||false|false&#8220; custom_padding_tablet=&#8220;22px||||false|false&#8220; custom_padding_phone=&#8220;25%||||false|false&#8220; global_colors_info=&#8220;{}&#8220;][et_pb_row column_structure=&#8220;1_2,1_2&#8243; custom_padding_last_edited=&#8220;on|phone&#8220; disabled_on=&#8220;on|on|off&#8220; _builder_version=&#8220;4.27.4&#8243; _module_preset=&#8220;default&#8220; background_color=&#8220;RGBA(255,255,255,0)&#8220; custom_margin=&#8220;||2%||false|false&#8220; custom_margin_tablet=&#8220;||50px||false|false&#8220; custom_margin_phone=&#8220;||0px||false|false&#8220; custom_margin_last_edited=&#8220;on|phone&#8220; custom_padding=&#8220;0px||0px||false|false&#8220; custom_padding_tablet=&#8220;&#8220; custom_padding_phone=&#8220;0px|0px||0px|false|false&#8220; border_radii=&#8220;on|25px|25px|25px|25px&#8220; border_width_all=&#8220;2px&#8220; border_color_all=&#8220;rgba(71,120,122,0.21)&#8220; border_width_all_tablet=&#8220;0px&#8220; border_width_all_phone=&#8220;0px&#8220; border_width_all_last_edited=&#8220;on|phone&#8220; box_shadow_style=&#8220;preset1&#8243; box_shadow_blur=&#8220;12px&#8220; global_colors_info=&#8220;{}&#8220;][et_pb_column type=&#8220;1_2&#8243; _builder_version=&#8220;4.27.4&#8243; _module_preset=&#8220;default&#8220; custom_padding=&#8220;0px|0px|0px|0px|false|false&#8220; custom_padding_tablet=&#8220;|0px||0%|false|false&#8220; custom_padding_phone=&#8220;|0px||0px|false|false&#8220; custom_padding_last_edited=&#8220;on|phone&#8220; global_colors_info=&#8220;{}&#8220;][et_pb_image src=&#8220;https:\/\/www.celsa-charmettes.ch\/wp-content\/uploads\/2025\/01\/Camion-futs.png&#8220; title_text=&#8220;LKW mit F\u00e4ssern&#8220; align_tablet=&#8220;&#8220; align_phone=&#8220;center&#8220; align_last_edited=&#8220;on|phone&#8220; module_class=&#8220;csa_image_2&#8243; _builder_version=&#8220;4.27.4&#8243; _module_preset=&#8220;default&#8220; width=&#8220;100%&#8220; width_tablet=&#8220;100%&#8220; width_phone=&#8220;100%&#8220; width_last_edited=&#8220;on|phone&#8220; max_width=&#8220;100%&#8220; custom_margin=&#8220;||||false|false&#8220; custom_margin_phone=&#8220;||||false|false&#8220; custom_margin_last_edited=&#8220;off|phone&#8220; custom_padding=&#8220;0px|0px|0px||false|false&#8220; custom_padding_tablet=&#8220;|0px|||false|false&#8220; custom_padding_phone=&#8220;||||false|false&#8220; custom_padding_last_edited=&#8220;on|phone&#8220; custom_css_free_form=&#8220;.csa_image_2 .et_pb_image_wrap {||padding-top: 60%;||display: block;||}||.csa_image_2 .et_pb_image_wrap img {||position: absolute;||height: 100%;||width: 100%;||top: 0;||left: 0;||right: 0;||bottom: 0;||object-fit: cover;||}&#8220; border_radii=&#8220;off|15px|||15px&#8220; border_radii_tablet=&#8220;on|15px|15px|15px|15px&#8220; border_radii_phone=&#8220;off|25px|25px|0px|0px&#8220; border_radii_last_edited=&#8220;on|phone&#8220; global_colors_info=&#8220;{}&#8220;][\/et_pb_image][\/et_pb_column][et_pb_column type=&#8220;1_2&#8243; _builder_version=&#8220;4.27.4&#8243; _module_preset=&#8220;default&#8220; custom_padding=&#8220;1%||||false|false&#8220; custom_padding_tablet=&#8220;||||false|false&#8220; custom_padding_phone=&#8220;|10%||10%|false|false&#8220; custom_padding_last_edited=&#8220;on|phone&#8220; global_colors_info=&#8220;{}&#8220;][et_pb_text content_tablet=&#8220;<\/p>\n<h2>Unsere Geschichte<\/h2>\n<p>Wir liefern nun schon seit Jahrzehnten Heiz\u00f6l und Treibstoff an Haushalte und Unternehmen in der ganzen Westschweiz.<\/p>\n<p>Erfahren Sie, wie alles begann!<\/p>\n<\/p>\n<p>&#8220; content_phone=&#8220;<\/p>\n<h2>Unsere Geschichte<\/h2>\n<p>Wir liefern nun schon seit Jahrzehnten Heiz\u00f6l und Treibstoff an Haushalte und Unternehmen in der ganzen Westschweiz.<\/p>\n<p>Erfahren Sie, wie alles begann!<\/p>\n<\/p>\n<p>&#8220; content_last_edited=&#8220;on|tablet&#8220; _builder_version=&#8220;4.27.4&#8243; _module_preset=&#8220;default&#8220; text_text_color=&#8220;#1C4540&#8243; header_font=&#8220;|600|||||||&#8220; header_text_color=&#8220;#1C4540&#8243; header_2_font=&#8220;|600|||||||&#8220; header_2_text_color=&#8220;#1C4540&#8243; custom_margin=&#8220;||5%||false|false&#8220; custom_margin_tablet=&#8220;-30px||5px||false|false&#8220; custom_margin_phone=&#8220;-4px||0px||false|false&#8220; custom_margin_last_edited=&#8220;on|phone&#8220; custom_padding=&#8220;|0px|||false|false&#8220; custom_padding_tablet=&#8220;|0px|||false|false&#8220; custom_padding_phone=&#8220;|0px|||false|false&#8220; custom_padding_last_edited=&#8220;on|desktop&#8220; header_2_font_size_tablet=&#8220;&#8220; header_2_font_size_phone=&#8220;24px&#8220; header_2_font_size_last_edited=&#8220;on|phone&#8220; global_colors_info=&#8220;{}&#8220;]<\/p>\n<h2>Unsere Geschichte<\/h2>\n<p>Wir liefern nun schon seit Jahrzehnten Heiz\u00f6l und Treibstoff an Haushalte und Unternehmen in der ganzen Westschweiz.<\/p>\n<p>Erfahren Sie, wie alles begann!<\/p>\n<p>[\/et_pb_text][et_pb_button button_url=&#8220;https:\/\/www.celsa-charmettes.ch\/de\/geschichte\/&#8220; button_text=&#8220;Mehr erfahren&#8220; button_alignment=&#8220;left&#8220; _builder_version=&#8220;4.27.4&#8243; _module_preset=&#8220;default&#8220; custom_button=&#8220;on&#8220; button_text_size=&#8220;18px&#8220; button_text_color=&#8220;#FFFFFF&#8220; button_bg_color=&#8220;#47787A&#8220; button_border_width=&#8220;5px&#8220; button_border_color=&#8220;RGBA(255,255,255,0)&#8220; button_border_radius=&#8220;88px&#8220; button_letter_spacing=&#8220;0px&#8220; button_use_icon=&#8220;off&#8220; custom_margin=&#8220;||||false|false&#8220; custom_padding=&#8220;||||false|false&#8220; custom_padding_tablet=&#8220;5px||5px||false|false&#8220; custom_padding_phone=&#8220;5px||5px||false|false&#8220; custom_padding_last_edited=&#8220;on|tablet&#8220; global_colors_info=&#8220;{}&#8220; button_bg_color__hover_enabled=&#8220;on|desktop&#8220; button_bg_color__hover=&#8220;#FED201&#8243; button_bg_enable_color__hover=&#8220;on&#8220;][\/et_pb_button][\/et_pb_column][\/et_pb_row][et_pb_row disabled_on=&#8220;off|off|on&#8220; _builder_version=&#8220;4.27.4&#8243; _module_preset=&#8220;default&#8220; custom_margin=&#8220;||||false|false&#8220; custom_padding=&#8220;||||false|false&#8220; animation_style=&#8220;slide&#8220; animation_direction=&#8220;bottom&#8220; animation_duration=&#8220;650ms&#8220; animation_delay=&#8220;300ms&#8220; animation_intensity_slide=&#8220;10%&#8220; global_colors_info=&#8220;{}&#8220;][et_pb_column type=&#8220;4_4&#8243; _builder_version=&#8220;4.27.4&#8243; _module_preset=&#8220;default&#8220; custom_padding=&#8220;||7%||false|false&#8220; custom_padding_phone=&#8220;||||false|false&#8220; custom_padding_last_edited=&#8220;off|phone&#8220; border_radii=&#8220;on|26px|26px|26px|26px&#8220; box_shadow_style=&#8220;preset2&#8243; global_colors_info=&#8220;{}&#8220;][et_pb_image src=&#8220;https:\/\/www.celsa-charmettes.ch\/wp-content\/uploads\/2025\/01\/Camion-futs.png&#8220; title_text=&#8220;LKW mit F\u00e4ssern&#8220; align=&#8220;center&#8220; _builder_version=&#8220;4.27.4&#8243; _module_preset=&#8220;default&#8220; width=&#8220;100%&#8220; max_width=&#8220;100%&#8220; custom_margin=&#8220;||5%||false|false&#8220; custom_margin_tablet=&#8220;||5%||false|false&#8220; custom_margin_phone=&#8220;||5%||false|false&#8220; custom_margin_last_edited=&#8220;on|phone&#8220; custom_padding=&#8220;||||false|false&#8220; border_radii=&#8220;off|26px|26px||&#8220; global_colors_info=&#8220;{}&#8220;][\/et_pb_image][et_pb_text content_last_edited=&#8220;off|phone&#8220; _builder_version=&#8220;4.27.4&#8243; _module_preset=&#8220;default&#8220; text_font=&#8220;&#8211;et_global_body_font|200|||||||&#8220; header_font=&#8220;&#8211;et_global_body_font||||||||&#8220; header_2_font=&#8220;|600|||||||&#8220; header_2_font_size=&#8220;24px&#8220; custom_margin=&#8220;||||false|false&#8220; custom_padding=&#8220;|2px||4%|false|false&#8220; custom_padding_tablet=&#8220;||||false|false&#8220; custom_padding_phone=&#8220;|5%||5%|false|false&#8220; custom_padding_last_edited=&#8220;on|phone&#8220; global_colors_info=&#8220;{}&#8220;]<\/p>\n<h2>Unsere Geschichte<\/h2>\n<div class=\"title\">\n<div>\n<p>Wir liefern nun schon seit Jahrzehnten Heiz\u00f6l und Treibstoff an Haushalte und Unternehmen in der ganzen Westschweiz.<\/p>\n<p>Erfahren Sie, wie alles begann!<\/p>\n<\/div>\n<\/div>\n<p><span><\/span><\/p>\n<p>[\/et_pb_text][et_pb_button button_url=&#8220;https:\/\/www.celsa-charmettes.ch\/de\/geschichte\/&#8220; button_text=&#8220;Mehr erfahren&#8220; button_alignment=&#8220;center&#8220; _builder_version=&#8220;4.27.4&#8243; _module_preset=&#8220;default&#8220; custom_button=&#8220;on&#8220; button_text_size=&#8220;18px&#8220; button_text_color=&#8220;#FFFFFF&#8220; button_bg_color=&#8220;#47787A&#8220; button_border_width=&#8220;5px&#8220; button_border_color=&#8220;RGBA(255,255,255,0)&#8220; button_border_radius=&#8220;88px&#8220; button_letter_spacing=&#8220;0px&#8220; button_use_icon=&#8220;off&#8220; custom_margin=&#8220;||||false|false&#8220; custom_padding=&#8220;||||false|false&#8220; custom_padding_tablet=&#8220;5px||5px||false|false&#8220; custom_padding_phone=&#8220;5px||5px||false|false&#8220; custom_padding_last_edited=&#8220;on|tablet&#8220; global_colors_info=&#8220;{}&#8220; button_bg_color__hover_enabled=&#8220;on|desktop&#8220; button_bg_color__hover=&#8220;#FED201&#8243; button_bg_enable_color__hover=&#8220;on&#8220;][\/et_pb_button][\/et_pb_column][\/et_pb_row][\/et_pb_section]<\/p>\n","protected":false},"excerpt":{"rendered":"<p>Celsa-Charmettes SA Ihr Partner f\u00fcr Heiz\u00f6l und Kraftstoffe seit \u00fcber 100 Jahren im Kanton Freiburg.Unser Unternehmen Das Unternehmen Celsa-Charmettes, das 2013 aus der Fusion von Celsa Produits P\u00e9troliers SA und Groupe Charmettes SA entstand, kann auf mehr als ein Jahrhundert Erfahrung zur\u00fcckblicken, denn seine Urspr\u00fcnge gehen auf das Jahr 1922 in Freiburg zur\u00fcck. Dank dieses [&hellip;]<\/p>\n","protected":false},"author":3,"featured_media":0,"parent":0,"menu_order":0,"comment_status":"closed","ping_status":"closed","template":"","meta":{"_et_pb_use_builder":"on","_et_pb_old_content":"","_et_gb_content_width":"","footnotes":""},"class_list":["post-31710","page","type-page","status-publish","hentry"],"_links":{"self":[{"href":"https:\/\/www.celsa-charmettes.ch\/de\/wp-json\/wp\/v2\/pages\/31710","targetHints":{"allow":["GET"]}}],"collection":[{"href":"https:\/\/www.celsa-charmettes.ch\/de\/wp-json\/wp\/v2\/pages"}],"about":[{"href":"https:\/\/www.celsa-charmettes.ch\/de\/wp-json\/wp\/v2\/types\/page"}],"author":[{"embeddable":true,"href":"https:\/\/www.celsa-charmettes.ch\/de\/wp-json\/wp\/v2\/users\/3"}],"replies":[{"embeddable":true,"href":"https:\/\/www.celsa-charmettes.ch\/de\/wp-json\/wp\/v2\/comments?post=31710"}],"version-history":[{"count":40,"href":"https:\/\/www.celsa-charmettes.ch\/de\/wp-json\/wp\/v2\/pages\/31710\/revisions"}],"predecessor-version":[{"id":34473,"href":"https:\/\/www.celsa-charmettes.ch\/de\/wp-json\/wp\/v2\/pages\/31710\/revisions\/34473"}],"wp:attachment":[{"href":"https:\/\/www.celsa-charmettes.ch\/de\/wp-json\/wp\/v2\/media?parent=31710"}],"curies":[{"name":"wp","href":"https:\/\/api.w.org\/{rel}","templated":true}]}}