{"id":31707,"date":"2025-01-06T10:29:37","date_gmt":"2025-01-06T09:29:37","guid":{"rendered":"https:\/\/dev.groupe-charmettes.ch\/tankrevision\/"},"modified":"2025-08-18T15:26:28","modified_gmt":"2025-08-18T13:26:28","slug":"tankrevision","status":"publish","type":"page","link":"https:\/\/www.celsa-charmettes.ch\/de\/tankrevision\/","title":{"rendered":"Tankrevision"},"content":{"rendered":"<p>[et_pb_section fb_built=&#8220;1&#8243; module_class=&#8220;hero-degrade-lg&#8220; _builder_version=&#8220;4.27.4&#8243; _module_preset=&#8220;default&#8220; background_enable_color=&#8220;off&#8220; background_image=&#8220;https:\/\/www.celsa-charmettes.ch\/wp-content\/uploads\/2025\/01\/Revision-de-citerne.webp&#8220; background_enable_video_mp4=&#8220;off&#8220; min_height=&#8220;68vh&#8220; min_height_tablet=&#8220;100vh&#8220; min_height_phone=&#8220;40vh&#8220; min_height_last_edited=&#8220;on|tablet&#8220; custom_margin=&#8220;0px||0px||false|false&#8220; custom_padding=&#8220;0px||0px||false|false&#8220; global_colors_info=&#8220;{}&#8220;][\/et_pb_section][et_pb_section fb_built=&#8220;1&#8243; custom_padding_last_edited=&#8220;on|phone&#8220; _builder_version=&#8220;4.27.4&#8243; _module_preset=&#8220;default&#8220; background_color=&#8220;#1C4540&#8243; custom_margin=&#8220;0px||0px||false|false&#8220; custom_padding=&#8220;20px||20px||false|false&#8220; custom_padding_tablet=&#8220;&#8220; custom_padding_phone=&#8220;10px||||false|false&#8220; global_colors_info=&#8220;{}&#8220;][et_pb_row custom_padding_last_edited=&#8220;on|phone&#8220; _builder_version=&#8220;4.27.4&#8243; _module_preset=&#8220;default&#8220; custom_padding_tablet=&#8220;&#8220; custom_padding_phone=&#8220;15px||5px||false|false&#8220; global_colors_info=&#8220;{}&#8220;][et_pb_column type=&#8220;4_4&#8243; _builder_version=&#8220;4.27.4&#8243; _module_preset=&#8220;default&#8220; global_colors_info=&#8220;{}&#8220;][et_pb_text content_tablet=&#8220;<\/p>\n<h1><strong>Celsa-Charmettes SA<\/strong><\/h1>\n<p><span>Ihr Partner f\u00fcr Heiz\u00f6l und Kraftstoffe seit \u00fcber 100 Jahren im Kanton Freiburg.<\/span><\/p>\n<p>&#8220; content_phone=&#8220;<\/p>\n<h1><strong>Celsa-Charmettes SA<\/strong><\/h1>\n<p><span>Ihr Partner f\u00fcr Heiz\u00f6l und Kraftstoffe seit \u00fcber 100 Jahren im Kanton Freiburg.<\/span><\/p>\n<p>&#8220; content_last_edited=&#8220;off|desktop&#8220; _builder_version=&#8220;4.27.4&#8243; _module_preset=&#8220;default&#8220; text_text_color=&#8220;#F3F4EE&#8220; text_font_size=&#8220;26px&#8220; text_line_height=&#8220;1.1em&#8220; header_text_color=&#8220;#F3F4EE&#8220; header_font_size=&#8220;65px&#8220; text_font_size_tablet=&#8220;&#8220; text_font_size_phone=&#8220;18px&#8220; text_font_size_last_edited=&#8220;on|phone&#8220; header_font_size_tablet=&#8220;45px&#8220; header_font_size_phone=&#8220;27px&#8220; header_font_size_last_edited=&#8220;on|phone&#8220; custom_css_free_form=&#8220;.et_pb_text h1 {||    margin-bottom: 10px;||}&#8220; global_colors_info=&#8220;{}&#8220;]<\/p>\n<h1><strong>Tankrevision<\/strong><\/h1>\n<p><span>Sichern Sie die Sicherheit und Langlebigkeit Ihrer Anlage mit unseren Dienstleistungen rund um die Tankrevision. Eine regelm\u00e4\u00dfige Reinigung und eine sorgf\u00e4ltige Kontrolle helfen, St\u00f6rungen zu verhindern, Umweltauflagen einzuhalten und einen optimalen Betrieb zu gew\u00e4hrleisten. <\/span><\/p>\n<p>[\/et_pb_text][\/et_pb_column][\/et_pb_row][\/et_pb_section][et_pb_section fb_built=&#8220;1&#8243; custom_padding_last_edited=&#8220;on|phone&#8220; _builder_version=&#8220;4.27.4&#8243; _module_preset=&#8220;default&#8220; background_color=&#8220;#F3F4EE&#8220; custom_margin=&#8220;||||false|false&#8220; custom_padding=&#8220;70px||||false|false&#8220; custom_padding_tablet=&#8220;70px||||false|false&#8220; custom_padding_phone=&#8220;30px||||false|false&#8220; global_colors_info=&#8220;{}&#8220;][et_pb_row _builder_version=&#8220;4.27.4&#8243; _module_preset=&#8220;default&#8220; custom_padding=&#8220;0px||19px||false|false&#8220; global_colors_info=&#8220;{}&#8220;][et_pb_column type=&#8220;4_4&#8243; _builder_version=&#8220;4.27.4&#8243; _module_preset=&#8220;default&#8220; global_colors_info=&#8220;{}&#8220;][et_pb_text _builder_version=&#8220;4.27.4&#8243; _module_preset=&#8220;default&#8220; text_text_color=&#8220;#1C4540&#8243; header_2_font=&#8220;|600|||||||&#8220; header_2_font_size=&#8220;24px&#8220; header_3_text_color=&#8220;#1C4540&#8243; custom_padding=&#8220;||||false|false&#8220; custom_css_free_form=&#8220;.et_pb_text h2 {||    margin-bottom: 20px;||}&#8220; global_colors_info=&#8220;{}&#8220;]<\/p>\n<h2>Warum ist die Revision Ihres Tanks wichtig?<\/h2>\n<p>Mit der Zeit sammeln sich nat\u00fcrlich Sedimente, die im Heiz\u00f6l enthalten sind, am Boden Ihres Tanks an. Im Laufe der Zeit sammeln sich im Heiz\u00f6l nat\u00fcrlich Sedimente am Boden Ihres Tanks an. In Verbindung mit der im Inneren entstehenden Kondensation verwandeln sich diese Ablagerungen in Schl\u00e4mme, die \u2013 wenn sie von der Pumpe angesaugt werden \u2013 Funktionsst\u00f6rungen Ihrer Anlage verursachen k\u00f6nnen.<\/p>\n<p>Obwohl die aktuellen gesetzlichen Grundlagen keine regelm\u00e4\u00dfige Reinigung von Heiz\u00f6ltanks mehr vorschreiben, verpflichtet das Bundesgesetz \u00fcber den Schutz der Gew\u00e4sser (<span>Art. 3<\/span> GSchG) jede Person dazu, mit der gebotenen Sorgfalt zu handeln, um jegliche Umweltverschmutzung zu verhindern.<\/p>\n<p>Indem Sie Ihren Tank <strong>mindestens alle 10 Jahre<\/strong> revidieren lassen, gew\u00e4hrleisten Sie die Einhaltung der geltenden Normen, erhalten die Sicherheit Ihrer Anlage und verl\u00e4ngern deren Lebensdauer.<\/p>\n<h3><strong><\/strong><\/h3>\n<h3><strong><\/strong><\/h3>\n<h3><strong><\/strong><\/h3>\n<h3><strong><\/strong><\/h3>\n<h3><strong><\/strong><\/h3>\n<h3><strong><\/strong><\/h3>\n<h2>Ein professioneller und erfahrener Service<\/h2>\n<p>Unsere spezialisierten Teams, die \u00fcber eidgen\u00f6ssische Fachausweise verf\u00fcgen, arbeiten an allen Arten von Tanks (ausgenommen Gastanks) und bieten folgende Leistungen an:<\/p>\n<ul>\n<li>Komplette Reinigung und Entfernung von Schl\u00e4mmen<\/li>\n<li>\u00dcberpr\u00fcfung der Dichtheit und Vorbeugung von Leckagen<\/li>\n<li>Einhaltung der geltenden Umweltvorschriften<\/li>\n<\/ul>\n<p>Dank fundiertem Fachwissen und modernster Ausr\u00fcstung f\u00fchren wir jede Intervention mit gr\u00f6\u00dfter Sorgfalt und Professionalit\u00e4t durch.<\/p>\n<p>Mit unserem Tankrevisionsservice sichern Sie die Langlebigkeit Ihrer Anlage und sorgen gleichzeitig f\u00fcr die Einhaltung aller geltenden Normen.<\/p>\n<p>[\/et_pb_text][\/et_pb_column][\/et_pb_row][et_pb_row column_structure=&#8220;1_3,1_3,1_3&#8243; _builder_version=&#8220;4.27.4&#8243; _module_preset=&#8220;default&#8220; custom_padding=&#8220;||70px||false|false&#8220; global_colors_info=&#8220;{}&#8220;][et_pb_column type=&#8220;1_3&#8243; _builder_version=&#8220;4.27.4&#8243; _module_preset=&#8220;default&#8220; global_colors_info=&#8220;{}&#8220;][et_pb_image src=&#8220;https:\/\/www.celsa-charmettes.ch\/wp-content\/uploads\/2025\/01\/Revision-1.webp&#8220; title_text=&#8220;Tankrevision 1&#8243; _builder_version=&#8220;4.27.4&#8243; _module_preset=&#8220;default&#8220; custom_margin=&#8220;||15px||false|false&#8220; custom_padding=&#8220;||||false|false&#8220; border_radii=&#8220;on|25px|25px|25px|25px&#8220; global_colors_info=&#8220;{}&#8220;][\/et_pb_image][et_pb_text _builder_version=&#8220;4.27.4&#8243; _module_preset=&#8220;default&#8220; text_orientation=&#8220;center&#8220; custom_margin=&#8220;||||false|false&#8220; custom_padding=&#8220;||||false|false&#8220; global_colors_info=&#8220;{}&#8220;]<\/p>\n<p><span>Nicht revidierter Tank<\/span><\/p>\n<p>[\/et_pb_text][\/et_pb_column][et_pb_column type=&#8220;1_3&#8243; _builder_version=&#8220;4.27.4&#8243; _module_preset=&#8220;default&#8220; global_colors_info=&#8220;{}&#8220;][et_pb_image src=&#8220;https:\/\/www.celsa-charmettes.ch\/wp-content\/uploads\/2025\/01\/Revision-2.webp&#8220; title_text=&#8220;Tankrevision 2&#8243; _builder_version=&#8220;4.27.4&#8243; _module_preset=&#8220;default&#8220; custom_margin=&#8220;||15px||false|false&#8220; custom_padding=&#8220;||||false|false&#8220; border_radii=&#8220;on|25px|25px|25px|25px&#8220; global_colors_info=&#8220;{}&#8220;][\/et_pb_image][et_pb_text _builder_version=&#8220;4.27.4&#8243; _module_preset=&#8220;default&#8220; text_orientation=&#8220;center&#8220; custom_margin=&#8220;||||false|false&#8220; custom_padding=&#8220;||||false|false&#8220; global_colors_info=&#8220;{}&#8220;]<\/p>\n<p><span>Entleerter Tank in der Reinigung<\/span><\/p>\n<p>[\/et_pb_text][\/et_pb_column][et_pb_column type=&#8220;1_3&#8243; _builder_version=&#8220;4.27.4&#8243; _module_preset=&#8220;default&#8220; global_colors_info=&#8220;{}&#8220;][et_pb_image src=&#8220;https:\/\/www.celsa-charmettes.ch\/wp-content\/uploads\/2025\/01\/Revision-3.webp&#8220; title_text=&#8220;Tankrevision 3&#8243; _builder_version=&#8220;4.27.4&#8243; _module_preset=&#8220;default&#8220; custom_margin=&#8220;||15px||false|false&#8220; border_radii=&#8220;on|25px|25px|25px|25px&#8220; global_colors_info=&#8220;{}&#8220;][\/et_pb_image][et_pb_text _builder_version=&#8220;4.27.4&#8243; _module_preset=&#8220;default&#8220; text_orientation=&#8220;center&#8220; custom_margin=&#8220;||||false|false&#8220; custom_padding=&#8220;||||false|false&#8220; global_colors_info=&#8220;{}&#8220;]<\/p>\n<p><span>Aufgetragene Korrosionsschutzschicht, revidierter Tank<\/span><\/p>\n<p>[\/et_pb_text][\/et_pb_column][\/et_pb_row][et_pb_row _builder_version=&#8220;4.27.4&#8243; _module_preset=&#8220;default&#8220; custom_padding=&#8220;0px||19px||false|false&#8220; global_colors_info=&#8220;{}&#8220;][et_pb_column type=&#8220;4_4&#8243; _builder_version=&#8220;4.27.4&#8243; _module_preset=&#8220;default&#8220; global_colors_info=&#8220;{}&#8220;][et_pb_text _builder_version=&#8220;4.27.4&#8243; _module_preset=&#8220;default&#8220; text_text_color=&#8220;#1C4540&#8243; header_2_font=&#8220;|600|||||||&#8220; header_2_font_size=&#8220;24px&#8220; header_3_text_color=&#8220;#1C4540&#8243; custom_padding=&#8220;||||false|false&#8220; global_colors_info=&#8220;{}&#8220;]<\/p>\n<h2>Eine Intervention planen<\/h2>\n<p><span>Celsa-Charmettes SA arbeitet seit 2019 mit Cibusa SA und seit 2021 mit Checkciternes SA zusammen, um Ihnen einen umfassenden und hochwertigen Service anzubieten.<\/span><\/p>\n<p>[\/et_pb_text][\/et_pb_column][\/et_pb_row][et_pb_row column_structure=&#8220;1_2,1_2&#8243; _builder_version=&#8220;4.27.4&#8243; _module_preset=&#8220;default&#8220; global_colors_info=&#8220;{}&#8220;][et_pb_column type=&#8220;1_2&#8243; _builder_version=&#8220;4.27.4&#8243; _module_preset=&#8220;default&#8220; custom_padding=&#8220;2%||2%||false|false&#8220; custom_padding_tablet=&#8220;2%||2%||false|false&#8220; custom_padding_phone=&#8220;5%||10%||false|false&#8220; custom_padding_last_edited=&#8220;on|desktop&#8220; border_radii=&#8220;on|25px|25px|25px|25px&#8220; border_color_all=&#8220;rgba(28,69,64,0.21)&#8220; box_shadow_style=&#8220;preset2&#8243; global_colors_info=&#8220;{}&#8220;][et_pb_text _builder_version=&#8220;4.27.4&#8243; _module_preset=&#8220;default&#8220; header_3_font=&#8220;|600|||||||&#8220; header_3_font_size=&#8220;23px&#8220; text_orientation=&#8220;center&#8220; global_colors_info=&#8220;{}&#8220;]<\/p>\n<h3>Region Freiburg<\/h3>\n<p>[\/et_pb_text][et_pb_image src=&#8220;https:\/\/www.celsa-charmettes.ch\/wp-content\/uploads\/2025\/07\/New-logo-Cibusa-e1755522938541.webp&#8220; title_text=&#8220;New logo Cibusa&#8220; align=&#8220;center&#8220; _builder_version=&#8220;4.27.4&#8243; _module_preset=&#8220;default&#8220; max_width=&#8220;281px&#8220; max_width_tablet=&#8220;300px&#8220; max_width_phone=&#8220;60%&#8220; max_width_last_edited=&#8220;on|phone&#8220; custom_padding=&#8220;||15px||false|false&#8220; hover_enabled=&#8220;0&#8243; global_colors_info=&#8220;{}&#8220; sticky_enabled=&#8220;0&#8243;][\/et_pb_image][et_pb_button button_url=&#8220;@ET-DC@eyJkeW5hbWljIjp0cnVlLCJjb250ZW50IjoicG9zdF9saW5rX3VybF9wYWdlIiwic2V0dGluZ3MiOnsicG9zdF9pZCI6IjMxMTA5In19@&#8220; button_text=&#8220;Ein Angebot anfordern&#8220; button_alignment=&#8220;center&#8220; _builder_version=&#8220;4.27.4&#8243; _dynamic_attributes=&#8220;button_url&#8220; _module_preset=&#8220;default&#8220; custom_button=&#8220;on&#8220; button_text_color=&#8220;#F3F4EE&#8220; button_bg_color=&#8220;#47787A&#8220; button_border_width=&#8220;0px&#8220; button_border_radius=&#8220;41px&#8220; button_use_icon=&#8220;off&#8220; custom_margin=&#8220;||||false|false&#8220; custom_padding=&#8220;10px|20px|10px|20px|false|false&#8220; custom_padding_tablet=&#8220;10px|20px|10px|20px|false|false&#8220; custom_padding_phone=&#8220;5px||5px||false|false&#8220; custom_padding_last_edited=&#8220;on|phone&#8220; button_text_size_tablet=&#8220;&#8220; button_text_size_phone=&#8220;18px&#8220; button_text_size_last_edited=&#8220;on|phone&#8220; global_colors_info=&#8220;{}&#8220; button_bg_color__hover_enabled=&#8220;on|hover&#8220; button_bg_color__hover=&#8220;#FED201&#8243; button_bg_enable_color__hover=&#8220;on&#8220;][\/et_pb_button][et_pb_button button_url=&#8220;mailto:info@cibusa.ch&#8220; button_text=&#8220;Kontakt per E-Mail&#8220; button_alignment=&#8220;center&#8220; _builder_version=&#8220;4.27.4&#8243; _module_preset=&#8220;default&#8220; custom_button=&#8220;on&#8220; button_text_color=&#8220;#F3F4EE&#8220; button_bg_color=&#8220;#47787A&#8220; button_border_width=&#8220;0px&#8220; button_border_radius=&#8220;41px&#8220; button_use_icon=&#8220;off&#8220; custom_padding=&#8220;10px|20px|10px|20px|false|false&#8220; custom_padding_tablet=&#8220;10px|20px|10px|20px|false|false&#8220; custom_padding_phone=&#8220;5px|20px|5px|20px|false|false&#8220; custom_padding_last_edited=&#8220;on|phone&#8220; button_text_size_tablet=&#8220;&#8220; button_text_size_phone=&#8220;18px&#8220; button_text_size_last_edited=&#8220;on|phone&#8220; global_colors_info=&#8220;{}&#8220; button_bg_color__hover_enabled=&#8220;on|hover&#8220; button_text_color__hover_enabled=&#8220;off|desktop&#8220; button_bg_color__hover=&#8220;#FED201&#8243; button_bg_enable_color__hover=&#8220;on&#8220;][\/et_pb_button][\/et_pb_column][et_pb_column type=&#8220;1_2&#8243; _builder_version=&#8220;4.27.4&#8243; _module_preset=&#8220;default&#8220; custom_padding=&#8220;2%||2%||false|false&#8220; custom_padding_tablet=&#8220;2%||2%||false|false&#8220; custom_padding_phone=&#8220;5%||10%||false|false&#8220; custom_padding_last_edited=&#8220;on|phone&#8220; border_radii=&#8220;on|25px|25px|25px|25px&#8220; border_color_all=&#8220;rgba(28,69,64,0.21)&#8220; box_shadow_style=&#8220;preset2&#8243; global_colors_info=&#8220;{}&#8220;][et_pb_text _builder_version=&#8220;4.27.4&#8243; _module_preset=&#8220;default&#8220; header_3_font=&#8220;|600|||||||&#8220; header_3_font_size=&#8220;23px&#8220; text_orientation=&#8220;center&#8220; global_colors_info=&#8220;{}&#8220;]<\/p>\n<h4><strong>Region Waadt &amp; Neuenburg<\/strong><\/h4>\n<p>[\/et_pb_text][et_pb_image src=&#8220;https:\/\/www.celsa-charmettes.ch\/wp-content\/uploads\/2025\/07\/New-logo-Checkciternes-e1755523000602.webp&#8220; title_text=&#8220;New logo Checkciternes&#8220; align=&#8220;center&#8220; _builder_version=&#8220;4.27.4&#8243; _module_preset=&#8220;default&#8220; max_width=&#8220;466px&#8220; max_width_tablet=&#8220;300px&#8220; max_width_phone=&#8220;60%&#8220; max_width_last_edited=&#8220;on|phone&#8220; custom_padding=&#8220;||15px||false|false&#8220; hover_enabled=&#8220;0&#8243; global_colors_info=&#8220;{}&#8220; sticky_enabled=&#8220;0&#8243;][\/et_pb_image][et_pb_button button_url=&#8220;@ET-DC@eyJkeW5hbWljIjp0cnVlLCJjb250ZW50IjoicG9zdF9saW5rX3VybF9wYWdlIiwic2V0dGluZ3MiOnsicG9zdF9pZCI6IjMxMTA5In19@&#8220; button_text=&#8220;Ein Angebot anfordern&#8220; button_alignment=&#8220;center&#8220; _builder_version=&#8220;4.27.4&#8243; _dynamic_attributes=&#8220;button_url&#8220; _module_preset=&#8220;default&#8220; custom_button=&#8220;on&#8220; button_text_color=&#8220;#F3F4EE&#8220; button_bg_color=&#8220;#47787A&#8220; button_border_width=&#8220;0px&#8220; button_border_radius=&#8220;41px&#8220; button_use_icon=&#8220;off&#8220; custom_padding=&#8220;10px|20px|10px|20px|false|false&#8220; custom_padding_tablet=&#8220;10px|20px|10px|20px|false|false&#8220; custom_padding_phone=&#8220;5px|20px|5px|20px|false|false&#8220; custom_padding_last_edited=&#8220;on|phone&#8220; button_text_size_tablet=&#8220;&#8220; button_text_size_phone=&#8220;18px&#8220; button_text_size_last_edited=&#8220;on|phone&#8220; global_colors_info=&#8220;{}&#8220; button_bg_color__hover_enabled=&#8220;on|hover&#8220; button_bg_color__hover=&#8220;#FED201&#8243; button_bg_enable_color__hover=&#8220;on&#8220;][\/et_pb_button][et_pb_button button_url=&#8220;mailto:info@checkciternes.ch&#8220; button_text=&#8220;Kontakt per E-Mail&#8220; button_alignment=&#8220;center&#8220; _builder_version=&#8220;4.27.4&#8243; _module_preset=&#8220;default&#8220; custom_button=&#8220;on&#8220; button_text_color=&#8220;#F3F4EE&#8220; button_bg_color=&#8220;#47787A&#8220; button_border_width=&#8220;0px&#8220; button_border_radius=&#8220;41px&#8220; button_use_icon=&#8220;off&#8220; custom_padding=&#8220;10px|20px|10px|20px|false|false&#8220; custom_padding_tablet=&#8220;10px|20px|10px|20px|false|false&#8220; custom_padding_phone=&#8220;5px|20px|5px|20px|false|false&#8220; custom_padding_last_edited=&#8220;on|phone&#8220; button_text_size_tablet=&#8220;&#8220; button_text_size_phone=&#8220;18px&#8220; button_text_size_last_edited=&#8220;on|phone&#8220; global_colors_info=&#8220;{}&#8220; button_bg_color__hover_enabled=&#8220;on|hover&#8220; button_bg_color__hover=&#8220;#FED201&#8243; button_bg_enable_color__hover=&#8220;on&#8220;][\/et_pb_button][\/et_pb_column][\/et_pb_row][\/et_pb_section]<\/p>\n","protected":false},"excerpt":{"rendered":"<p>Tankrevision Sichern Sie die Sicherheit und Langlebigkeit Ihrer Anlage mit unseren Dienstleistungen rund um die Tankrevision. Eine regelm\u00e4\u00dfige Reinigung und eine sorgf\u00e4ltige Kontrolle helfen, St\u00f6rungen zu verhindern, Umweltauflagen einzuhalten und einen optimalen Betrieb zu gew\u00e4hrleisten. Warum ist die Revision Ihres Tanks wichtig? Mit der Zeit sammeln sich nat\u00fcrlich Sedimente, die im Heiz\u00f6l enthalten sind, am [&hellip;]<\/p>\n","protected":false},"author":3,"featured_media":0,"parent":0,"menu_order":0,"comment_status":"closed","ping_status":"closed","template":"","meta":{"_et_pb_use_builder":"on","_et_pb_old_content":"","_et_gb_content_width":"","footnotes":""},"class_list":["post-31707","page","type-page","status-publish","hentry"],"_links":{"self":[{"href":"https:\/\/www.celsa-charmettes.ch\/de\/wp-json\/wp\/v2\/pages\/31707","targetHints":{"allow":["GET"]}}],"collection":[{"href":"https:\/\/www.celsa-charmettes.ch\/de\/wp-json\/wp\/v2\/pages"}],"about":[{"href":"https:\/\/www.celsa-charmettes.ch\/de\/wp-json\/wp\/v2\/types\/page"}],"author":[{"embeddable":true,"href":"https:\/\/www.celsa-charmettes.ch\/de\/wp-json\/wp\/v2\/users\/3"}],"replies":[{"embeddable":true,"href":"https:\/\/www.celsa-charmettes.ch\/de\/wp-json\/wp\/v2\/comments?post=31707"}],"version-history":[{"count":17,"href":"https:\/\/www.celsa-charmettes.ch\/de\/wp-json\/wp\/v2\/pages\/31707\/revisions"}],"predecessor-version":[{"id":34263,"href":"https:\/\/www.celsa-charmettes.ch\/de\/wp-json\/wp\/v2\/pages\/31707\/revisions\/34263"}],"wp:attachment":[{"href":"https:\/\/www.celsa-charmettes.ch\/de\/wp-json\/wp\/v2\/media?parent=31707"}],"curies":[{"name":"wp","href":"https:\/\/api.w.org\/{rel}","templated":true}]}}