{"id":31694,"date":"2024-12-20T12:11:55","date_gmt":"2024-12-20T11:11:55","guid":{"rendered":"https:\/\/dev.groupe-charmettes.ch\/nuetzliche-links\/"},"modified":"2025-09-30T11:39:35","modified_gmt":"2025-09-30T09:39:35","slug":"nuetzliche-links","status":"publish","type":"page","link":"https:\/\/www.celsa-charmettes.ch\/de\/nuetzliche-links\/","title":{"rendered":"N\u00fctzliche Links"},"content":{"rendered":"<p>[et_pb_section fb_built=&#8220;1&#8243; custom_padding_last_edited=&#8220;on|phone&#8220; _builder_version=&#8220;4.27.4&#8243; _module_preset=&#8220;default&#8220; background_color=&#8220;#F3F4EE&#8220; custom_padding=&#8220;230px||||false|false&#8220; custom_padding_tablet=&#8220;230px||||false|false&#8220; custom_padding_phone=&#8220;0px||||false|false&#8220; global_colors_info=&#8220;{}&#8220;][et_pb_row column_structure=&#8220;1_2,1_2&#8243; _builder_version=&#8220;4.27.4&#8243; _module_preset=&#8220;default&#8220; custom_padding=&#8220;||||false|false&#8220; global_colors_info=&#8220;{}&#8220;][et_pb_column type=&#8220;1_2&#8243; _builder_version=&#8220;4.27.4&#8243; _module_preset=&#8220;default&#8220; global_colors_info=&#8220;{}&#8220;][et_pb_text _builder_version=&#8220;4.27.4&#8243; _module_preset=&#8220;default&#8220; text_font=&#8220;|300|||||||&#8220; header_font=&#8220;|700|||||||&#8220; header_font_size_tablet=&#8220;&#8220; header_font_size_phone=&#8220;27px&#8220; header_font_size_last_edited=&#8220;on|phone&#8220; global_colors_info=&#8220;{}&#8220;]<\/p>\n<h1><span>N\u00fctzliche Links<\/span><span><\/span><span><\/span><span><\/span><span><\/span><span><\/span><\/h1>\n<p><span><\/span><\/p>\n<p><span>Im Folgenden finden Sie einige Dokumente, die f\u00fcr Sie n\u00fctzlich sein k\u00f6nnten. Wenn Sie nicht finden, was Sie suchen, helfen wir Ihnen gerne telefonisch oder per E-Mail weiter. <\/span><\/p>\n<p>[\/et_pb_text][\/et_pb_column][et_pb_column type=&#8220;1_2&#8243; _builder_version=&#8220;4.27.4&#8243; _module_preset=&#8220;default&#8220; global_colors_info=&#8220;{}&#8220;][et_pb_image src=&#8220;https:\/\/www.celsa-charmettes.ch\/wp-content\/uploads\/2025\/07\/Image-liens-utiles-scaled.webp&#8220; title_text=&#8220;Image liens utiles&#8220; _builder_version=&#8220;4.27.4&#8243; _module_preset=&#8220;default&#8220; border_radii=&#8220;on|15px|15px|15px|15px&#8220; global_colors_info=&#8220;{}&#8220;][\/et_pb_image][\/et_pb_column][\/et_pb_row][\/et_pb_section][et_pb_section fb_built=&#8220;1&#8243; _builder_version=&#8220;4.27.4&#8243; _module_preset=&#8220;default&#8220; background_color=&#8220;#F3F4EE&#8220; custom_padding=&#8220;0px||||false|false&#8220; global_colors_info=&#8220;{}&#8220;][et_pb_row column_structure=&#8220;1_2,1_2&#8243; custom_padding_last_edited=&#8220;on|desktop&#8220; _builder_version=&#8220;4.27.4&#8243; _module_preset=&#8220;default&#8220; custom_padding=&#8220;0px||80px||false|false&#8220; custom_padding_tablet=&#8220;0px||80px||false|false&#8220; custom_padding_phone=&#8220;0px||80px||false|false&#8220; global_colors_info=&#8220;{}&#8220;][et_pb_column type=&#8220;1_2&#8243; _builder_version=&#8220;4.27.4&#8243; _module_preset=&#8220;default&#8220; global_colors_info=&#8220;{}&#8220;][et_pb_image src=&#8220;https:\/\/www.celsa-charmettes.ch\/wp-content\/uploads\/2025\/07\/New-logo-Cibusa-e1753791194412.webp&#8220; title_text=&#8220;New logo Cibusa&#8220; align=&#8220;center&#8220; align_tablet=&#8220;center&#8220; align_phone=&#8220;left&#8220; align_last_edited=&#8220;on|phone&#8220; _builder_version=&#8220;4.27.4&#8243; _module_preset=&#8220;default&#8220; max_height=&#8220;150px&#8220; max_height_tablet=&#8220;100px&#8220; max_height_phone=&#8220;80px&#8220; max_height_last_edited=&#8220;on|phone&#8220; global_colors_info=&#8220;{}&#8220;][\/et_pb_image][\/et_pb_column][et_pb_column type=&#8220;1_2&#8243; _builder_version=&#8220;4.27.4&#8243; _module_preset=&#8220;default&#8220; global_colors_info=&#8220;{}&#8220;][et_pb_text _builder_version=&#8220;4.27.4&#8243; _module_preset=&#8220;default&#8220; text_font=&#8220;|300|||||||&#8220; header_2_font=&#8220;|600|||||||&#8220; custom_padding=&#8220;||0px||false|false&#8220; header_font_size_tablet=&#8220;&#8220; header_font_size_phone=&#8220;&#8220; header_font_size_last_edited=&#8220;on|phone&#8220; header_2_font_size_tablet=&#8220;&#8220; header_2_font_size_phone=&#8220;24px&#8220; header_2_font_size_last_edited=&#8220;on|phone&#8220; global_colors_info=&#8220;{}&#8220;]<\/p>\n<h2>Cibusa r\u00e9vision de citernes SA<\/h2>\n<p><em>Ihr Spezialist f\u00fcr die Revision und Wartung von Tanks im Kanton Freiburg.<\/em><\/p>\n<p>Cibusa SA f\u00fchrt Revisionen, Wartungen und Installationen von Tanks durch und \u00fcbernimmt auch deren Stilllegung. Eins\u00e4tze erfolgen f\u00fcr alle Arten und Gr\u00f6\u00dfen von Tanks f\u00fcr Heiz\u00f6l, Diesel und Benzin. <\/p>\n<p>[\/et_pb_text][et_pb_button button_url=&#8220;https:\/\/www.cibusa.ch&#8220; url_new_window=&#8220;on&#8220; button_text=&#8220;Mehr erfahren&#8220; _builder_version=&#8220;4.27.4&#8243; _module_preset=&#8220;default&#8220; custom_button=&#8220;on&#8220; button_text_color=&#8220;#F3F4EE&#8220; button_bg_color=&#8220;#47787A&#8220; button_border_radius=&#8220;100px&#8220; button_use_icon=&#8220;off&#8220; custom_margin=&#8220;-19px|||||&#8220; custom_padding=&#8220;5px|20px|5px|20px|false|false&#8220; button_text_size_tablet=&#8220;&#8220; button_text_size_phone=&#8220;17px&#8220; button_text_size_last_edited=&#8220;on|phone&#8220; global_colors_info=&#8220;{}&#8220; button_bg_color__hover_enabled=&#8220;on|hover&#8220; button_bg_color__hover=&#8220;#FED201&#8243; button_bg_enable_color__hover=&#8220;on&#8220;][\/et_pb_button][\/et_pb_column][\/et_pb_row][et_pb_row column_structure=&#8220;1_2,1_2&#8243; _builder_version=&#8220;4.27.4&#8243; _module_preset=&#8220;default&#8220; custom_padding=&#8220;||60px||false|false&#8220; global_colors_info=&#8220;{}&#8220;][et_pb_column type=&#8220;1_2&#8243; _builder_version=&#8220;4.27.4&#8243; _module_preset=&#8220;default&#8220; global_colors_info=&#8220;{}&#8220;][et_pb_image src=&#8220;https:\/\/www.celsa-charmettes.ch\/wp-content\/uploads\/2025\/07\/New-logo-Checkciternes-e1753791300610.webp&#8220; title_text=&#8220;New logo Checkciternes&#8220; align=&#8220;center&#8220; align_tablet=&#8220;center&#8220; align_phone=&#8220;left&#8220; align_last_edited=&#8220;on|phone&#8220; _builder_version=&#8220;4.27.4&#8243; _module_preset=&#8220;default&#8220; max_height=&#8220;150px&#8220; max_height_tablet=&#8220;100px&#8220; max_height_phone=&#8220;80px&#8220; max_height_last_edited=&#8220;on|phone&#8220; global_colors_info=&#8220;{}&#8220;][\/et_pb_image][\/et_pb_column][et_pb_column type=&#8220;1_2&#8243; _builder_version=&#8220;4.27.4&#8243; _module_preset=&#8220;default&#8220; global_colors_info=&#8220;{}&#8220;][et_pb_text _builder_version=&#8220;4.27.4&#8243; _module_preset=&#8220;default&#8220; text_font=&#8220;|300|||||||&#8220; header_2_font=&#8220;|600|||||||&#8220; custom_padding=&#8220;||0px||false|false&#8220; header_2_font_size_tablet=&#8220;&#8220; header_2_font_size_phone=&#8220;24px&#8220; header_2_font_size_last_edited=&#8220;on|phone&#8220; global_colors_info=&#8220;{}&#8220;]<\/p>\n<h2>Checkciternes Service SA<\/h2>\n<p><em>Votre partenaire pour les citernes dans le canton de Vaud.<\/em><\/p>\n<p>Checkciternes SA f\u00fchrt Revisionen, Wartungen und Installationen von Tanks durch und \u00fcbernimmt auch deren Stilllegung. Eins\u00e4tze erfolgen f\u00fcr alle Arten und Gr\u00f6\u00dfen von Tanks f\u00fcr Heiz\u00f6l, Diesel und Benzin. <\/p>\n<p>[\/et_pb_text][et_pb_button button_url=&#8220;https:\/\/www.checkciternes.ch&#8220; url_new_window=&#8220;on&#8220; button_text=&#8220;Mehr erfahren&#8220; _builder_version=&#8220;4.27.4&#8243; _module_preset=&#8220;default&#8220; custom_button=&#8220;on&#8220; button_text_color=&#8220;#F3F4EE&#8220; button_bg_color=&#8220;#47787A&#8220; button_border_radius=&#8220;100px&#8220; button_use_icon=&#8220;off&#8220; custom_margin=&#8220;-19px|||||&#8220; custom_padding=&#8220;5px|20px|5px|20px|false|false&#8220; button_text_size_tablet=&#8220;&#8220; button_text_size_phone=&#8220;17px&#8220; button_text_size_last_edited=&#8220;on|phone&#8220; global_colors_info=&#8220;{}&#8220; button_bg_color__hover_enabled=&#8220;on|hover&#8220; button_bg_color__hover=&#8220;#FED201&#8243; button_bg_enable_color__hover=&#8220;on&#8220;][\/et_pb_button][\/et_pb_column][\/et_pb_row][et_pb_row column_structure=&#8220;1_2,1_2&#8243; custom_padding_last_edited=&#8220;on|desktop&#8220; _builder_version=&#8220;4.27.4&#8243; _module_preset=&#8220;default&#8220; custom_padding=&#8220;||2.5%||false|false&#8220; custom_padding_tablet=&#8220;||||false|false&#8220; custom_padding_phone=&#8220;||||false|false&#8220; hover_enabled=&#8220;0&#8243; global_colors_info=&#8220;{}&#8220; module_id=&#8220;informationsstelle&#8220; sticky_enabled=&#8220;0&#8243;][et_pb_column type=&#8220;1_2&#8243; _builder_version=&#8220;4.27.4&#8243; _module_preset=&#8220;default&#8220; global_colors_info=&#8220;{}&#8220;][et_pb_image src=&#8220;https:\/\/www.celsa-charmettes.ch\/wp-content\/uploads\/2025\/09\/logo-avenergy-de.webp&#8220; title_text=&#8220;logo avenergy de&#8220; align=&#8220;center&#8220; align_tablet=&#8220;center&#8220; align_phone=&#8220;left&#8220; align_last_edited=&#8220;on|phone&#8220; _builder_version=&#8220;4.27.4&#8243; _module_preset=&#8220;default&#8220; max_height=&#8220;110px&#8220; max_height_tablet=&#8220;110px&#8220; max_height_phone=&#8220;100px&#8220; max_height_last_edited=&#8220;on|phone&#8220; global_colors_info=&#8220;{}&#8220;][\/et_pb_image][\/et_pb_column][et_pb_column type=&#8220;1_2&#8243; _builder_version=&#8220;4.27.4&#8243; _module_preset=&#8220;default&#8220; global_colors_info=&#8220;{}&#8220;][et_pb_text _builder_version=&#8220;4.27.4&#8243; _module_preset=&#8220;default&#8220; text_font=&#8220;|300|||||||&#8220; header_2_font=&#8220;|600|||||||&#8220; custom_padding=&#8220;||0px||false|false&#8220; header_2_font_size_tablet=&#8220;&#8220; header_2_font_size_phone=&#8220;24px&#8220; header_2_font_size_last_edited=&#8220;on|phone&#8220; global_colors_info=&#8220;{}&#8220;]<\/p>\n<h2>Avenergy Suisse<\/h2>\n<p>Avenergy Suisse vertritt die Interessen der Importeure von fl\u00fcssigen Brenn- und Treibstoffen.<\/p>\n<p>Die Mitglieder von Avenergy Schweiz gew\u00e4hrleisten die Versorgungssicherheit mit den wichtigsten Energietr\u00e4gern des Landes: fl\u00fcssige Brenn- und Treibstoffe.<\/p>\n<p>[\/et_pb_text][et_pb_button button_url=&#8220;https:\/\/www.avenergy.ch\/de&#8220; url_new_window=&#8220;on&#8220; button_text=&#8220;Mehr erfahren&#8220; _builder_version=&#8220;4.27.4&#8243; _module_preset=&#8220;default&#8220; custom_button=&#8220;on&#8220; button_text_color=&#8220;#F3F4EE&#8220; button_bg_color=&#8220;#47787A&#8220; button_border_radius=&#8220;100px&#8220; button_use_icon=&#8220;off&#8220; custom_margin=&#8220;-19px|||||&#8220; custom_padding=&#8220;5px|20px|5px|20px|false|false&#8220; button_text_size_tablet=&#8220;&#8220; button_text_size_phone=&#8220;17px&#8220; button_text_size_last_edited=&#8220;on|phone&#8220; global_colors_info=&#8220;{}&#8220; button_bg_color__hover_enabled=&#8220;on|hover&#8220; button_bg_color__hover=&#8220;#FED201&#8243; button_bg_enable_color__hover=&#8220;on&#8220;][\/et_pb_button][\/et_pb_column][\/et_pb_row][et_pb_row column_structure=&#8220;1_2,1_2&#8243; custom_padding_last_edited=&#8220;on|desktop&#8220; _builder_version=&#8220;4.27.4&#8243; _module_preset=&#8220;default&#8220; custom_padding=&#8220;||||false|false&#8220; custom_padding_tablet=&#8220;||||false|false&#8220; custom_padding_phone=&#8220;||||false|false&#8220; hover_enabled=&#8220;0&#8243; global_colors_info=&#8220;{}&#8220; sticky_enabled=&#8220;0&#8243;][et_pb_column type=&#8220;1_2&#8243; _builder_version=&#8220;4.27.4&#8243; _module_preset=&#8220;default&#8220; global_colors_info=&#8220;{}&#8220;][et_pb_image src=&#8220;https:\/\/www.celsa-charmettes.ch\/wp-content\/uploads\/2025\/09\/Logo-Heizen-mit-Oel.webp&#8220; title_text=&#8220;Logo Heizen mit Oel&#8220; align=&#8220;center&#8220; align_tablet=&#8220;center&#8220; align_phone=&#8220;left&#8220; align_last_edited=&#8220;on|phone&#8220; _builder_version=&#8220;4.27.4&#8243; _module_preset=&#8220;default&#8220; max_height=&#8220;90px&#8220; max_height_tablet=&#8220;110px&#8220; max_height_phone=&#8220;100px&#8220; max_height_last_edited=&#8220;on|phone&#8220; global_colors_info=&#8220;{}&#8220;][\/et_pb_image][\/et_pb_column][et_pb_column type=&#8220;1_2&#8243; _builder_version=&#8220;4.27.4&#8243; _module_preset=&#8220;default&#8220; global_colors_info=&#8220;{}&#8220;][et_pb_text _builder_version=&#8220;4.27.4&#8243; _module_preset=&#8220;default&#8220; text_font=&#8220;|300|||||||&#8220; header_2_font=&#8220;|600|||||||&#8220; custom_padding=&#8220;||0px||false|false&#8220; header_2_font_size_tablet=&#8220;&#8220; header_2_font_size_phone=&#8220;24px&#8220; header_2_font_size_last_edited=&#8220;on|phone&#8220; global_colors_info=&#8220;{}&#8220;]<\/p>\n<h2>Informationsstelle Heiz\u00f6l<\/h2>\n<p>Ben\u00f6tigen Sie Beratung, um Entscheidungen zu Ihrer Heizungsanlage zu treffen (z. B. Ersatz, Emissionsreduktion, Vorschriften)?<\/p>\n<p>Die Informationsstelle Heiz\u00f6l steht Ihnen gerne zur Verf\u00fcgung, um Sie zu informieren und zu unterst\u00fctzen.<\/p>\n<p>[\/et_pb_text][et_pb_button button_url=&#8220;https:\/\/www.swissoilschweiz.ch\/de\/informationsstelle-heizoel&#8220; url_new_window=&#8220;on&#8220; button_text=&#8220;Mehr erfahren&#8220; _builder_version=&#8220;4.27.4&#8243; _module_preset=&#8220;default&#8220; custom_button=&#8220;on&#8220; button_text_color=&#8220;#F3F4EE&#8220; button_bg_color=&#8220;#47787A&#8220; button_border_radius=&#8220;100px&#8220; button_use_icon=&#8220;off&#8220; custom_margin=&#8220;-19px|||||&#8220; custom_padding=&#8220;5px|20px|5px|20px|false|false&#8220; button_text_size_tablet=&#8220;&#8220; button_text_size_phone=&#8220;17px&#8220; button_text_size_last_edited=&#8220;on|phone&#8220; global_colors_info=&#8220;{}&#8220; button_bg_color__hover_enabled=&#8220;on|hover&#8220; button_bg_color__hover=&#8220;#FED201&#8243; button_bg_enable_color__hover=&#8220;on&#8220;][\/et_pb_button][\/et_pb_column][\/et_pb_row][\/et_pb_section]<\/p>\n","protected":false},"excerpt":{"rendered":"<p>N\u00fctzliche Links Im Folgenden finden Sie einige Dokumente, die f\u00fcr Sie n\u00fctzlich sein k\u00f6nnten. Wenn Sie nicht finden, was Sie suchen, helfen wir Ihnen gerne telefonisch oder per E-Mail weiter. Cibusa r\u00e9vision de citernes SA Ihr Spezialist f\u00fcr die Revision und Wartung von Tanks im Kanton Freiburg. Cibusa SA f\u00fchrt Revisionen, Wartungen und Installationen von [&hellip;]<\/p>\n","protected":false},"author":3,"featured_media":0,"parent":0,"menu_order":0,"comment_status":"closed","ping_status":"closed","template":"","meta":{"_et_pb_use_builder":"on","_et_pb_old_content":"","_et_gb_content_width":"","footnotes":""},"class_list":["post-31694","page","type-page","status-publish","hentry"],"_links":{"self":[{"href":"https:\/\/www.celsa-charmettes.ch\/de\/wp-json\/wp\/v2\/pages\/31694","targetHints":{"allow":["GET"]}}],"collection":[{"href":"https:\/\/www.celsa-charmettes.ch\/de\/wp-json\/wp\/v2\/pages"}],"about":[{"href":"https:\/\/www.celsa-charmettes.ch\/de\/wp-json\/wp\/v2\/types\/page"}],"author":[{"embeddable":true,"href":"https:\/\/www.celsa-charmettes.ch\/de\/wp-json\/wp\/v2\/users\/3"}],"replies":[{"embeddable":true,"href":"https:\/\/www.celsa-charmettes.ch\/de\/wp-json\/wp\/v2\/comments?post=31694"}],"version-history":[{"count":18,"href":"https:\/\/www.celsa-charmettes.ch\/de\/wp-json\/wp\/v2\/pages\/31694\/revisions"}],"predecessor-version":[{"id":34748,"href":"https:\/\/www.celsa-charmettes.ch\/de\/wp-json\/wp\/v2\/pages\/31694\/revisions\/34748"}],"wp:attachment":[{"href":"https:\/\/www.celsa-charmettes.ch\/de\/wp-json\/wp\/v2\/media?parent=31694"}],"curies":[{"name":"wp","href":"https:\/\/api.w.org\/{rel}","templated":true}]}}