{"id":31681,"date":"2024-12-16T10:54:55","date_gmt":"2024-12-16T09:54:55","guid":{"rendered":"https:\/\/dev.groupe-charmettes.ch\/kontakt\/"},"modified":"2026-03-04T13:30:39","modified_gmt":"2026-03-04T12:30:39","slug":"kontakt","status":"publish","type":"page","link":"https:\/\/www.celsa-charmettes.ch\/de\/kontakt\/","title":{"rendered":"Kontakt"},"content":{"rendered":"<p>[et_pb_section fb_built=&#8220;1&#8243; module_class=&#8220;hero-degrade-lg&#8220; _builder_version=&#8220;4.27.4&#8243; _module_preset=&#8220;default&#8220; background_enable_color=&#8220;off&#8220; background_image=&#8220;https:\/\/www.celsa-charmettes.ch\/wp-content\/uploads\/2025\/08\/Contact-scaled.webp&#8220; background_enable_video_mp4=&#8220;off&#8220; min_height=&#8220;68vh&#8220; min_height_tablet=&#8220;100vh&#8220; min_height_phone=&#8220;40vh&#8220; min_height_last_edited=&#8220;on|tablet&#8220; custom_margin=&#8220;0px||0px||false|false&#8220; custom_padding=&#8220;0px||0px||false|false&#8220; global_colors_info=&#8220;{}&#8220;][\/et_pb_section][et_pb_section fb_built=&#8220;1&#8243; custom_padding_last_edited=&#8220;on|phone&#8220; _builder_version=&#8220;4.27.4&#8243; _module_preset=&#8220;default&#8220; background_color=&#8220;#1C4540&#8243; custom_margin=&#8220;0px||0px||false|false&#8220; custom_padding=&#8220;20px||20px||false|false&#8220; custom_padding_tablet=&#8220;&#8220; custom_padding_phone=&#8220;10px||||false|false&#8220; global_colors_info=&#8220;{}&#8220;][et_pb_row custom_padding_last_edited=&#8220;on|phone&#8220; _builder_version=&#8220;4.27.4&#8243; _module_preset=&#8220;default&#8220; custom_padding_tablet=&#8220;&#8220; custom_padding_phone=&#8220;15px||5px||false|false&#8220; global_colors_info=&#8220;{}&#8220;][et_pb_column type=&#8220;4_4&#8243; _builder_version=&#8220;4.27.4&#8243; _module_preset=&#8220;default&#8220; global_colors_info=&#8220;{}&#8220;][et_pb_text content_tablet=&#8220;<\/p>\n<h1><strong>Celsa-Charmettes SA<\/strong><\/h1>\n<p><span>Ihr Partner f\u00fcr Heiz\u00f6l und Kraftstoffe seit \u00fcber 100 Jahren im Kanton Freiburg.<\/span><\/p>\n<p>&#8220; content_phone=&#8220;<\/p>\n<h1><strong>Celsa-Charmettes SA<\/strong><\/h1>\n<p><span>Ihr Partner f\u00fcr Heiz\u00f6l und Kraftstoffe seit \u00fcber 100 Jahren im Kanton Freiburg.<\/span><\/p>\n<p>&#8220; content_last_edited=&#8220;off|desktop&#8220; _builder_version=&#8220;4.27.4&#8243; _module_preset=&#8220;default&#8220; text_text_color=&#8220;#F3F4EE&#8220; text_font_size=&#8220;26px&#8220; text_line_height=&#8220;1.1em&#8220; header_text_color=&#8220;#F3F4EE&#8220; header_font_size=&#8220;65px&#8220; text_font_size_tablet=&#8220;&#8220; text_font_size_phone=&#8220;18px&#8220; text_font_size_last_edited=&#8220;on|phone&#8220; header_font_size_tablet=&#8220;45px&#8220; header_font_size_phone=&#8220;27px&#8220; header_font_size_last_edited=&#8220;on|phone&#8220; custom_css_free_form=&#8220;.et_pb_text h1 {||    margin-bottom: 10px;||}&#8220; global_colors_info=&#8220;{}&#8220;]<\/p>\n<h1><strong>Kontakt<\/strong><\/h1>\n<p><span>Z\u00f6gern Sie nicht, uns zu kontaktieren, wir stehen Ihnen gerne zur Verf\u00fcgung.<\/span><\/p>\n<p>[\/et_pb_text][\/et_pb_column][\/et_pb_row][\/et_pb_section][et_pb_section fb_built=&#8220;1&#8243; custom_padding_last_edited=&#8220;on|phone&#8220; _builder_version=&#8220;4.27.4&#8243; _module_preset=&#8220;default&#8220; background_color=&#8220;#F3F4EE&#8220; custom_margin=&#8220;||||false|false&#8220; custom_padding=&#8220;||70px|||&#8220; custom_padding_tablet=&#8220;||70px|||&#8220; custom_padding_phone=&#8220;40px||||false|false&#8220; global_colors_info=&#8220;{}&#8220;][et_pb_row column_structure=&#8220;1_2,1_2&#8243; use_custom_gutter=&#8220;on&#8220; _builder_version=&#8220;4.27.4&#8243; _module_preset=&#8220;default&#8220; custom_padding=&#8220;0px||||false|false&#8220; global_colors_info=&#8220;{}&#8220;][et_pb_column type=&#8220;1_2&#8243; _builder_version=&#8220;4.27.4&#8243; _module_preset=&#8220;default&#8220; global_colors_info=&#8220;{}&#8220;][et_pb_text content_tablet=&#8220;<\/p>\n<h2>\u00d6ffnungszeiten<\/h2>\n<p><strong>Montag-Donnerstag<\/strong>: 07:30-12:00 Uhr und 13:30-17:30 Uhr<\/p>\n<p><strong>Freitag<\/strong>: 07:30-12:00 und 13:30-17:00<\/p>\n<\/p>\n<p>Geschlossen am Samstag und Sonntag<\/p>\n<p>&#8220; content_phone=&#8220;<\/p>\n<h2>Horaires d&#8217;ouverture<\/h2>\n<p><strong>Lundi-Jeudi<\/strong> :<\/p>\n<p>07:30-12:00 et 13:30-17:30<\/p>\n<p><strong>Vendredi<\/strong> :<\/p>\n<p>07:30-12:00 et 13:30-17:00<\/p>\n<\/p>\n<p>Ferm\u00e9 le samedi et le dimanche<\/p>\n<p>&#8220; content_last_edited=&#8220;on|phone&#8220; _builder_version=&#8220;4.27.4&#8243; _module_preset=&#8220;default&#8220; custom_padding=&#8220;0px||||false|false&#8220; header_2_font_size_tablet=&#8220;&#8220; header_2_font_size_phone=&#8220;24px&#8220; header_2_font_size_last_edited=&#8220;on|phone&#8220; custom_css_free_form=&#8220;.et_pb_text h2 {||    margin-bottom: 20px;||}&#8220; global_colors_info=&#8220;{}&#8220;]<\/p>\n<h2>\u00d6ffnungszeiten<\/h2>\n<p><strong>Montag-Donnerstag<\/strong>: 07:30-12:00 Uhr und 13:30-17:30 Uhr<\/p>\n<p><strong>Freitag<\/strong>: 07:30-12:00 und 13:30-17:00<\/p>\n<p>Geschlossen am Samstag und Sonntag<\/p>\n<p>[\/et_pb_text][et_pb_divider color=&#8220;rgba(28,69,64,0.12)&#8220; disabled_on=&#8220;off|off|on&#8220; _builder_version=&#8220;4.27.4&#8243; _module_preset=&#8220;default&#8220; custom_margin=&#8220;||16px|||&#8220; global_colors_info=&#8220;{}&#8220;][\/et_pb_divider][et_pb_text content_tablet=&#8220;<\/p>\n<h2>Telefon<\/h2>\n<p>Celsa-Charmettes unter <a href=%22tel:0041266529300%22><strong>026 652 93 00<\/strong><\/a><\/p>\n<\/p>\n<p>Margot Mazout unter <a href=%22tel:0041328438400%22><strong>032 843 84 00<\/strong><\/a><\/p>\n<\/p>\n<p>Ruey-Termoplan unter <a href=%22tel:0041213310808%22><strong>021 331 08 08<\/strong><\/a><\/p>\n<\/p>\n<p><span>Montag bis Freitag w\u00e4hrend der \u00d6ffnungszeiten.<\/span><\/p>\n<p>&#8220; content_phone=&#8220;<\/p>\n<h2>Par t\u00e9l\u00e9phone<\/h2>\n<p>Celsa-Charmettes<\/p>\n<p>au <a href=%22tel:0041266529300%22><strong>026 652 93 00<\/strong><\/a><\/p>\n<p><strong><\/strong><\/p>\n<p>Margot Mazout<\/p>\n<p>au <a href=%22tel:0041328438400%22><strong>032 843 84 00<\/strong><\/a><\/p>\n<p><strong><\/strong><\/p>\n<p>Ruey-Termoplan<\/p>\n<p>au <a href=%22tel:0041213310808%22><strong>021 331 08 08<\/strong><\/a><\/p>\n<\/p>\n<p><span>Du lundi au vendredi, durant les heures d&#8217;ouverture.<\/span><\/p>\n<p>&#8220; content_last_edited=&#8220;on|phone&#8220; _builder_version=&#8220;4.27.4&#8243; _module_preset=&#8220;default&#8220; custom_padding=&#8220;40px||||false|false&#8220; custom_padding_tablet=&#8220;||||false|false&#8220; custom_padding_phone=&#8220;0px||||false|false&#8220; custom_padding_last_edited=&#8220;on|phone&#8220; header_2_font_size_tablet=&#8220;&#8220; header_2_font_size_phone=&#8220;24px&#8220; header_2_font_size_last_edited=&#8220;on|phone&#8220; custom_css_free_form=&#8220;.et_pb_text h2 {||    margin-bottom: 20px;||||}&#8220; global_colors_info=&#8220;{}&#8220;]<\/p>\n<h2>Telefon<\/h2>\n<p>Celsa-Charmettes unter <a href=\"tel:0041266529300\"><strong>026 652 93 00<\/strong><\/a><\/p>\n<p>Margot Mazout unter <a href=\"tel:0041328438400\"><strong>032 843 84 00<\/strong><\/a><\/p>\n<p>Ruey-Termoplan unter <a href=\"tel:0041213310808\"><strong>021 331 08 08<\/strong><\/a><\/p>\n<p><span>Montag bis Freitag w\u00e4hrend der \u00d6ffnungszeiten.<\/span><\/p>\n<p>[\/et_pb_text][et_pb_divider color=&#8220;rgba(28,69,64,0.12)&#8220; disabled_on=&#8220;off|off|on&#8220; _builder_version=&#8220;4.27.4&#8243; _module_preset=&#8220;default&#8220; custom_margin=&#8220;||16px|||&#8220; global_colors_info=&#8220;{}&#8220;][\/et_pb_divider][et_pb_text disabled_on=&#8220;on|on|on&#8220; _builder_version=&#8220;4.27.4&#8243; _module_preset=&#8220;default&#8220; custom_padding=&#8220;40px||||false|false&#8220; custom_padding_tablet=&#8220;40px||||false|false&#8220; custom_padding_phone=&#8220;0px||||false|false&#8220; custom_padding_last_edited=&#8220;on|phone&#8220; header_2_font_size_tablet=&#8220;&#8220; header_2_font_size_phone=&#8220;24px&#8220; header_2_font_size_last_edited=&#8220;on|phone&#8220; disabled=&#8220;on&#8220; global_colors_info=&#8220;{}&#8220;]<\/p>\n<h2>Auf Whatsapp<\/h2>\n<p>Unser Verkaufsteam in Romont steht Ihnen per Whatsapp-Chat zur Verf\u00fcgung.<\/p>\n<p>Montag bis Freitag w\u00e4hrend der \u00d6ffnungszeiten.<\/p>\n<p>[\/et_pb_text][et_pb_button button_url=&#8220;https:\/\/wa.me\/41798803278?&#8220; button_text=&#8220;Kontaktieren Sie uns auf Whatsapp&#8220; button_alignment_tablet=&#8220;&#8220; button_alignment_phone=&#8220;center&#8220; button_alignment_last_edited=&#8220;on|phone&#8220; disabled_on=&#8220;on|on|on&#8220; _builder_version=&#8220;4.27.4&#8243; _module_preset=&#8220;default&#8220; custom_button=&#8220;on&#8220; button_text_color=&#8220;#F3F4EE&#8220; button_bg_color=&#8220;#47787A&#8220; button_border_width=&#8220;0px&#8220; button_border_radius=&#8220;54px&#8220; button_use_icon=&#8220;off&#8220; custom_margin=&#8220;||||false|false&#8220; custom_padding=&#8220;||||false|false&#8220; custom_padding_tablet=&#8220;||||false|false&#8220; custom_padding_phone=&#8220;|3%||3%|false|true&#8220; custom_padding_last_edited=&#8220;on|phone&#8220; button_text_size_tablet=&#8220;&#8220; button_text_size_phone=&#8220;18px&#8220; button_text_size_last_edited=&#8220;on|phone&#8220; disabled=&#8220;on&#8220; global_colors_info=&#8220;{}&#8220; button_bg_color__hover_enabled=&#8220;on|desktop&#8220; button_bg_color__hover=&#8220;#FED201&#8243; button_bg_enable_color__hover=&#8220;on&#8220;][\/et_pb_button][et_pb_divider color=&#8220;rgba(28,69,64,0.12)&#8220; disabled_on=&#8220;on|on|on&#8220; _builder_version=&#8220;4.27.4&#8243; _module_preset=&#8220;default&#8220; custom_margin=&#8220;||16px|||&#8220; disabled=&#8220;on&#8220; global_colors_info=&#8220;{}&#8220;][\/et_pb_divider][et_pb_text _builder_version=&#8220;4.27.4&#8243; _module_preset=&#8220;default&#8220; custom_padding=&#8220;40px||||false|false&#8220; custom_padding_tablet=&#8220;40px||||false|false&#8220; custom_padding_phone=&#8220;0px||||false|false&#8220; custom_padding_last_edited=&#8220;on|phone&#8220; header_2_font_size_tablet=&#8220;&#8220; header_2_font_size_phone=&#8220;24px&#8220; header_2_font_size_last_edited=&#8220;on|phone&#8220; global_colors_info=&#8220;{}&#8220;]<\/p>\n<h2>\u00dcber unser Formular<strong><\/strong><\/h2>\n<p>[\/et_pb_text][dvppl_cf7_styler button_alignment=&#8220;right&#8220; cf7=&#8220;33842&#8243; form_field_padding=&#8220;16px|16px|16px|16px|false|false&#8220; form_background_color=&#8220;RGBA(255,255,255,0)&#8220; form_field_active_color=&#8220;rgba(28,69,64,0.34)&#8220; form_label_spacing=&#8220;16px&#8220; cr_custom_styles=&#8220;on&#8220; cr_size=&#8220;21px&#8220; cf7_message_color=&#8220;#968B83&#8243; cf7_message_bg_color=&#8220;RGBA(255,255,255,0)&#8220; cf7_border_highlight_color=&#8220;RGBA(255,255,255,0)&#8220; cf7_success_message_color=&#8220;#47787A&#8220; cf7_success_message_bg_color=&#8220;RGBA(255,255,255,0)&#8220; cf7_success_border_color=&#8220;RGBA(255,255,255,0)&#8220; cf7_error_message_color=&#8220;#968B83&#8243; cf7_error_message_bg_color=&#8220;RGBA(255,255,255,0)&#8220; cf7_error_border_color=&#8220;RGBA(255,255,255,0)&#8220; form_field_height_last_edited=&#8220;off|desktop&#8220; _builder_version=&#8220;4.27.4&#8243; _module_preset=&#8220;default&#8220; form_field_font_text_color=&#8220;#1C4540&#8243; form_field_font_font_size=&#8220;14px&#8220; custom_submit_button=&#8220;on&#8220; submit_button_text_size=&#8220;20px&#8220; submit_button_text_color=&#8220;#F3F4EE&#8220; submit_button_bg_color=&#8220;#47787A&#8220; submit_button_border_color=&#8220;RGBA(255,255,255,0)&#8220; submit_button_border_radius=&#8220;62px&#8220; submit_button_font=&#8220;&#8211;et_global_body_font|100|||||||&#8220; submit_button_custom_margin=&#8220;10px||||false|false&#8220; submit_button_custom_padding=&#8220;8px|23px|8px|23px|false|false&#8220; custom_css_free_form=&#8220;selector .wpcf7-not-valid-tip {||  margin-left: 16px;||  margin-top: 8px;||  font-size: 14px;||}||||selector .wpcf7-response-output {||  padding: 6px 16px;||  font-size: 20px;||}&#8220; border_radii_field=&#8220;on|15px|15px|15px|15px&#8220; global_colors_info=&#8220;{}&#8220; submit_button_bg_color__hover_enabled=&#8220;on|desktop&#8220; submit_button_bg_color__hover=&#8220;#FED201&#8243; submit_button_bg_enable_color__hover=&#8220;on&#8220; border_color_all_field__hover_enabled=&#8220;off|hover&#8220;][\/dvppl_cf7_styler][\/et_pb_column][et_pb_column type=&#8220;1_2&#8243; _builder_version=&#8220;4.27.4&#8243; _module_preset=&#8220;default&#8220; global_colors_info=&#8220;{}&#8220;][et_pb_image src=&#8220;https:\/\/www.celsa-charmettes.ch\/wp-content\/uploads\/2024\/12\/Celsa_2021_-4-scaled.jpg&#8220; title_text=&#8220;Celsa_2021_-4&#8243; align=&#8220;center&#8220; module_class=&#8220;csa_image_2&#8243; _builder_version=&#8220;4.27.4&#8243; _module_preset=&#8220;default&#8220; width=&#8220;90%&#8220; custom_css_free_form=&#8220;.csa_image_2 .et_pb_image_wrap {||padding-top: 115%;||display: block;||}||.csa_image_2 .et_pb_image_wrap img {||position: absolute;||height: 100%;||width: 100%;||top: 0;||left: 0;||right: 0;||bottom: 0;||object-fit: cover;||object-position: 5%  ;||}&#8220; border_radii=&#8220;on|15px|15px|15px|15px&#8220; global_colors_info=&#8220;{}&#8220;][\/et_pb_image][\/et_pb_column][\/et_pb_row][\/et_pb_section]<\/p>\n","protected":false},"excerpt":{"rendered":"<p>Kontakt Z\u00f6gern Sie nicht, uns zu kontaktieren, wir stehen Ihnen gerne zur Verf\u00fcgung.\u00d6ffnungszeiten Montag-Donnerstag: 07:30-12:00 Uhr und 13:30-17:30 Uhr Freitag: 07:30-12:00 und 13:30-17:00 Geschlossen am Samstag und SonntagTelefon Celsa-Charmettes unter 026 652 93 00 Margot Mazout unter 032 843 84 00 Ruey-Termoplan unter 021 331 08 08 Montag bis Freitag w\u00e4hrend der \u00d6ffnungszeiten.Auf Whatsapp Unser [&hellip;]<\/p>\n","protected":false},"author":3,"featured_media":0,"parent":0,"menu_order":0,"comment_status":"closed","ping_status":"closed","template":"","meta":{"_et_pb_use_builder":"on","_et_pb_old_content":"","_et_gb_content_width":"","footnotes":""},"class_list":["post-31681","page","type-page","status-publish","hentry"],"_links":{"self":[{"href":"https:\/\/www.celsa-charmettes.ch\/de\/wp-json\/wp\/v2\/pages\/31681","targetHints":{"allow":["GET"]}}],"collection":[{"href":"https:\/\/www.celsa-charmettes.ch\/de\/wp-json\/wp\/v2\/pages"}],"about":[{"href":"https:\/\/www.celsa-charmettes.ch\/de\/wp-json\/wp\/v2\/types\/page"}],"author":[{"embeddable":true,"href":"https:\/\/www.celsa-charmettes.ch\/de\/wp-json\/wp\/v2\/users\/3"}],"replies":[{"embeddable":true,"href":"https:\/\/www.celsa-charmettes.ch\/de\/wp-json\/wp\/v2\/comments?post=31681"}],"version-history":[{"count":27,"href":"https:\/\/www.celsa-charmettes.ch\/de\/wp-json\/wp\/v2\/pages\/31681\/revisions"}],"predecessor-version":[{"id":35948,"href":"https:\/\/www.celsa-charmettes.ch\/de\/wp-json\/wp\/v2\/pages\/31681\/revisions\/35948"}],"wp:attachment":[{"href":"https:\/\/www.celsa-charmettes.ch\/de\/wp-json\/wp\/v2\/media?parent=31681"}],"curies":[{"name":"wp","href":"https:\/\/api.w.org\/{rel}","templated":true}]}}